{"id":2219,"date":"2022-05-13T12:26:15","date_gmt":"2022-05-13T12:26:15","guid":{"rendered":"https:\/\/konferencje.inzynieria.com\/ib2024\/?page_id=2219"},"modified":"2024-05-16T12:36:40","modified_gmt":"2024-05-16T12:36:40","slug":"hotele","status":"publish","type":"page","link":"https:\/\/konferencje.inzynieria.com\/ib2024\/hotele\/","title":{"rendered":"Hotele"},"content":{"rendered":"<p>[et_pb_section fb_built=&#8221;1&#8243; custom_padding_last_edited=&#8221;on|phone&#8221; _builder_version=&#8221;4.17.3&#8243; use_background_color_gradient=&#8221;on&#8221; background_color_gradient_stops=&#8221;rgba(54,56,64,0.9) 0%|rgba(54,56,64,0.9) 100%&#8221; background_color_gradient_overlays_image=&#8221;on&#8221; background_color_gradient_start=&#8221;rgba(2,0,36,0.75)&#8221; background_color_gradient_end=&#8221;rgba(2,0,36,0.75)&#8221; background_image=&#8221;https:\/\/konferencje.inzynieria.com\/ib2024\/wp-content\/uploads\/2022\/05\/L1100940.jpg&#8221; background_position=&#8221;bottom_center&#8221; background_vertical_offset=&#8221;15%&#8221; custom_padding=&#8221;101px||100px||false|false&#8221; custom_padding_tablet=&#8221;175px||75px||false|false&#8221; custom_padding_phone=&#8221;150px||50px||false|false&#8221; bottom_divider_flip=&#8221;horizontal&#8221; bottom_divider_height_tablet=&#8221;75px&#8221; bottom_divider_height_phone=&#8221;50px&#8221; bottom_divider_height_last_edited=&#8221;on|desktop&#8221; global_colors_info=&#8221;{}&#8221;][et_pb_row _builder_version=&#8221;4.16&#8243; width=&#8221;50%&#8221; width_tablet=&#8221;80%&#8221; width_phone=&#8221;&#8221; width_last_edited=&#8221;on|desktop&#8221; global_colors_info=&#8221;{}&#8221;][et_pb_column type=&#8221;4_4&#8243; _builder_version=&#8221;4.16&#8243; global_colors_info=&#8221;{}&#8221;][et_pb_text _builder_version=&#8221;4.17.3&#8243; text_orientation=&#8221;center&#8221; background_layout=&#8221;dark&#8221; custom_margin=&#8221;||5px||false|false&#8221; global_colors_info=&#8221;{}&#8221;]<\/p>\n<h1>Hotele<\/h1>\n<p>[\/et_pb_text][\/et_pb_column][\/et_pb_row][\/et_pb_section][et_pb_section fb_built=&#8221;1&#8243; theme_builder_area=&#8221;post_content&#8221; _builder_version=&#8221;4.24.2&#8243; _module_preset=&#8221;default&#8221; custom_padding=&#8221;||1px|||&#8221;][et_pb_row _builder_version=&#8221;4.24.2&#8243; _module_preset=&#8221;default&#8221; theme_builder_area=&#8221;post_content&#8221;][et_pb_column _builder_version=&#8221;4.24.2&#8243; _module_preset=&#8221;default&#8221; type=&#8221;4_4&#8243; theme_builder_area=&#8221;post_content&#8221;][et_pb_text _builder_version=&#8221;4.24.2&#8243; _module_preset=&#8221;default&#8221; theme_builder_area=&#8221;post_content&#8221; text_font_size=&#8221;22px&#8221; hover_enabled=&#8221;0&#8243; sticky_enabled=&#8221;0&#8243;]<\/p>\n<p>Poni\u017cej podajemy hotele, z kt\u00f3rych oferty mo\u017cecie Pa\u0144stwo skorzysta\u0107 podczas Konferencji In\u017cynieria Bezwykopowa (po\u0142o\u017cone w pobli\u017cu miejsca, w kt\u00f3rym odbywa si\u0119 wydarzenie). Zach\u0119camy do korzystania z system\u00f3w rezerwacyjnych lub kontaktu bezpo\u015brednio z hotelami.<\/p>\n<p>[\/et_pb_text][\/et_pb_column][\/et_pb_row][\/et_pb_section][et_pb_section fb_built=&#8221;1&#8243; module_class=&#8221;podstrona-hotel&#8221; _builder_version=&#8221;4.17.3&#8243; background_enable_image=&#8221;off&#8221; background_size=&#8221;contain&#8221; global_colors_info=&#8221;{}&#8221;][et_pb_row column_structure=&#8221;1_2,1_2&#8243; use_custom_gutter=&#8221;on&#8221; gutter_width=&#8221;4&#8243; make_equal=&#8221;on&#8221; disabled_on=&#8221;off|off|off&#8221; _builder_version=&#8221;4.17.3&#8243; global_colors_info=&#8221;{}&#8221;][et_pb_column type=&#8221;1_2&#8243; _builder_version=&#8221;4.17.3&#8243; background_enable_color=&#8221;off&#8221; border_radii=&#8221;on|10px|10px|10px|10px&#8221; box_shadow_style=&#8221;preset1&#8243; box_shadow_spread=&#8221;-5px&#8221; global_colors_info=&#8221;{}&#8221;][et_pb_gallery gallery_ids=&#8221;2241,2242,2705,2704&#8243; fullwidth=&#8221;on&#8221; _builder_version=&#8221;4.17.3&#8243; _module_preset=&#8221;default&#8221; custom_margin=&#8221;||12px|||&#8221; global_colors_info=&#8221;{}&#8221;][\/et_pb_gallery][et_pb_text _builder_version=&#8221;4.17.3&#8243; _module_preset=&#8221;default&#8221; header_3_font_size=&#8221;20px&#8221; background_color=&#8221;#FFFFFF&#8221; custom_margin=&#8221;6px|||||&#8221; custom_padding=&#8221;16px|16px|16px|16px|false|false&#8221; global_colors_info=&#8221;{}&#8221;]<\/p>\n<h3>DW\u00d3R W TOMASZOWICACH<\/h3>\n<p>Krakowska 68, 32-085 Tomaszowice<br \/><strong>MIEJSCE KONFERENCJI<\/strong><br \/>GPS: N 50\u00b08\u20199,823\u201d E 19\u00b050\u201933,129\u201d<br \/><a href=\"http:\/\/www.dwor.pl\/\" target=\"_blank\" rel=\"noopener\">www.dwor.pl<\/a><\/p>\n<p><strong style=\"color: #be1b38;\">BRAK WOLNYCH MIEJSC<\/strong><\/p>\n<p>[\/et_pb_text][\/et_pb_column][et_pb_column type=&#8221;1_2&#8243; disabled_on=&#8221;off|off|off&#8221; _builder_version=&#8221;4.17.3&#8243; border_radii=&#8221;on|10px|10px|10px|10px&#8221; box_shadow_style=&#8221;preset1&#8243; box_shadow_spread=&#8221;-5px&#8221; global_colors_info=&#8221;{}&#8221;][et_pb_gallery gallery_ids=&#8221;2246,2247,2781,2782&#8243; fullwidth=&#8221;on&#8221; _builder_version=&#8221;4.17.3&#8243; _module_preset=&#8221;default&#8221; custom_margin=&#8221;||12px|||&#8221; global_colors_info=&#8221;{}&#8221;][\/et_pb_gallery][et_pb_text _builder_version=&#8221;4.24.2&#8243; _module_preset=&#8221;default&#8221; header_3_font_size=&#8221;20px&#8221; custom_margin=&#8221;6px|||||&#8221; custom_padding=&#8221;16px|16px|16px|16px|false|false&#8221; hover_enabled=&#8221;0&#8243; global_colors_info=&#8221;{}&#8221; sticky_enabled=&#8221;0&#8243;]<\/p>\n<h3>HOTEL WITEK****<\/h3>\n<p>ul. Handlowc\u00f3w 14, 32-085 Modlniczka, Krak\u00f3w<br \/>odleg\u0142o\u015b\u0107 od miejsca konferencji: 5,9 km<br \/><a href=\"http:\/\/www.hotelwitek.pl\/\" target=\"_blank\" rel=\"noopener\">www.hotelwitek.pl<\/a><\/p>\n<p>Pok\u00f3j jednoosobowy Economy: 330 z\u0142<br \/>Pok\u00f3j dwuosobowy Economy: 380 z\u0142<\/p>\n<p>Pok\u00f3j jednoosobowy Standard: 345 z\u0142<\/p>\n<p>Pok\u00f3j jednoosobowy Superior: 370 z\u0142<br \/>Pok\u00f3j dwuosobowy Superior: 420 z\u0142<\/p>\n<p>Cena obejmuje \u015bniadanie<\/p>\n<p><strong><span style=\"color: #be1b38;\">Zapewniamy transport autobusowy z hotelu na konferencj\u0119 oraz imprezy wieczorne (wraz z powrotem).<\/span><\/strong><\/p>\n<p><strong>W celu rezerwacji prosimy o kontakt z hotelem podaj\u0105c has\u0142o \u201eIN\u017bYNIERIA\u201d:<\/strong><br \/>tel.: <a href=\"tel:+48%20515 069 508\">+48 515 069 508<\/a><br \/>e-mail: <a href=\"mailto:fom@hotelwitek.com.pl\">fom@hotelwitek.com.pl<\/a><\/p>\n<p><strong>LUB<\/strong><\/p>\n<p>poprzez stron\u0119 hotelu <a href=\"https:\/\/www.hotelwitek.pl\/\">www.hotelwitek.pl<\/a>: po wybraniu dat, a nast\u0119pnie odpowiedniego pokoju, w podsumowaniu rezerwacji po prawej stronie nale\u017cy klikn\u0105\u0107 w przycisk \u201eMAM KOD RABATOWY\u201d oraz wpisa\u0107 has\u0142o \u201eIN\u017bYNIERIA\u201d<\/p>\n<p>Podane stawki za nocleg obowi\u0105zuj\u0105 po podaniu has\u0142a \u201e<strong>IN\u017bYNIERIA<\/strong>\u201d.<\/p>\n<p><strong>OFERTA BEZZWROTNA<\/strong><\/p>\n<p>[\/et_pb_text][\/et_pb_column][\/et_pb_row][et_pb_row column_structure=&#8221;1_2,1_2&#8243; use_custom_gutter=&#8221;on&#8221; gutter_width=&#8221;4&#8243; make_equal=&#8221;on&#8221; disabled_on=&#8221;off|off|off&#8221; _builder_version=&#8221;4.24.2&#8243; global_colors_info=&#8221;{}&#8221;][et_pb_column type=&#8221;1_2&#8243; _builder_version=&#8221;4.17.3&#8243; background_color=&#8221;#FFFFFF&#8221; border_radii=&#8221;on|10px|10px|10px|10px&#8221; box_shadow_style=&#8221;preset1&#8243; box_shadow_spread=&#8221;-5px&#8221; global_colors_info=&#8221;{}&#8221;][et_pb_gallery gallery_ids=&#8221;3777,3779,3783,3785,3787,3789,3781&#8243; fullwidth=&#8221;on&#8221; _builder_version=&#8221;4.17.3&#8243; _module_preset=&#8221;default&#8221; custom_margin=&#8221;||12px|||&#8221; global_colors_info=&#8221;{}&#8221;][\/et_pb_gallery][et_pb_text _builder_version=&#8221;4.24.2&#8243; _module_preset=&#8221;default&#8221; header_3_font_size=&#8221;20px&#8221; custom_margin=&#8221;6px|||||&#8221; custom_padding=&#8221;16px|16px|16px|16px|false|false&#8221; global_colors_info=&#8221;{}&#8221;]<\/p>\n<h3>TENNIS &amp; COUNTRY CLUB***<\/h3>\n<p>ul. W\u0142adys\u0142awa Hermana 18, 32-085 Giebu\u0142t\u00f3w<br \/>odleg\u0142o\u015b\u0107 od miejsca konferencji: 4,8 km<br \/><a href=\"https:\/\/www.tcchotel.pl\/\" target=\"_blank\" rel=\"noopener\">www.tcchotel.pl<\/a><br \/>tel.: +48 572 338 833<\/p>\n<p>W sprawie koszt\u00f3w noclegu nale\u017cy skontaktowa\u0107 si\u0119 bezpo\u015brednio z hotelem.<\/p>\n<p>[\/et_pb_text][\/et_pb_column][et_pb_column type=&#8221;1_2&#8243; disabled_on=&#8221;off|off|off&#8221; _builder_version=&#8221;4.17.3&#8243; background_color=&#8221;#FFFFFF&#8221; border_radii=&#8221;on|10px|10px|10px|10px&#8221; box_shadow_style=&#8221;preset1&#8243; box_shadow_spread=&#8221;-5px&#8221; global_colors_info=&#8221;{}&#8221;][et_pb_gallery gallery_ids=&#8221;2681,2655,2659,2676,2677,2678,2679,2680&#8243; fullwidth=&#8221;on&#8221; _builder_version=&#8221;4.17.3&#8243; _module_preset=&#8221;default&#8221; custom_margin=&#8221;||12px|||&#8221; global_colors_info=&#8221;{}&#8221;][\/et_pb_gallery][et_pb_text _builder_version=&#8221;4.24.2&#8243; _module_preset=&#8221;default&#8221; header_3_font_size=&#8221;20px&#8221; custom_margin=&#8221;6px|||||&#8221; custom_padding=&#8221;16px|16px|16px|16px|false|false&#8221; global_colors_info=&#8221;{}&#8221;]<\/p>\n<h3>HOTEL &amp; RESTAURACJA MARGERITA***<\/h3>\n<p>ul. Cz\u0119stochowska 53, 32-085 Modlnica<br \/>odleg\u0142o\u015b\u0107 od miejsca konferencji: 4,0 km<br \/><a href=\"http:\/\/www.margerita.pl\/\" target=\"_blank\" rel=\"noopener\">www.margerita.pl<\/a><br \/>tel.: +48 512 246 684<\/p>\n<p>W sprawie koszt\u00f3w noclegu nale\u017cy skontaktowa\u0107 si\u0119 bezpo\u015brednio z hotelem.<\/p>\n<p>[\/et_pb_text][\/et_pb_column][\/et_pb_row][et_pb_row column_structure=&#8221;1_2,1_2&#8243; use_custom_gutter=&#8221;on&#8221; gutter_width=&#8221;4&#8243; make_equal=&#8221;on&#8221; disabled_on=&#8221;off|off|off&#8221; _builder_version=&#8221;4.24.2&#8243; global_colors_info=&#8221;{}&#8221;][et_pb_column type=&#8221;1_2&#8243; _builder_version=&#8221;4.17.3&#8243; background_color=&#8221;#FFFFFF&#8221; border_radii=&#8221;on|10px|10px|10px|10px&#8221; box_shadow_style=&#8221;preset1&#8243; box_shadow_spread=&#8221;-5px&#8221; global_colors_info=&#8221;{}&#8221;][et_pb_gallery gallery_ids=&#8221;6990,6984,6986,6988&#8243; fullwidth=&#8221;on&#8221; _builder_version=&#8221;4.24.2&#8243; _module_preset=&#8221;default&#8221; custom_margin=&#8221;||12px|||&#8221; global_colors_info=&#8221;{}&#8221;][\/et_pb_gallery][et_pb_text _builder_version=&#8221;4.24.2&#8243; _module_preset=&#8221;default&#8221; header_3_font_size=&#8221;20px&#8221; custom_margin=&#8221;6px|||||&#8221; custom_padding=&#8221;16px|16px|16px|16px|false|false&#8221; global_colors_info=&#8221;{}&#8221;]<\/p>\n<h3>VINCI HOTEL***<\/h3>\n<p>ul. Kasztanowa 25, 32-085 Modlniczka<br \/>odleg\u0142o\u015b\u0107 od miejsca konferencji: 4,2 km<br \/><a href=\"https:\/\/vincihotel.pl\/\" target=\"_blank\" rel=\"noopener\">vincihotel.pl<\/a><br \/>tel.: +48 885 550 086<\/p>\n<p>W sprawie koszt\u00f3w noclegu nale\u017cy skontaktowa\u0107 si\u0119 bezpo\u015brednio z hotelem.<\/p>\n<p>[\/et_pb_text][\/et_pb_column][et_pb_column type=&#8221;1_2&#8243; disabled_on=&#8221;off|off|off&#8221; _builder_version=&#8221;4.17.3&#8243; background_color=&#8221;#FFFFFF&#8221; border_radii=&#8221;on|10px|10px|10px|10px&#8221; box_shadow_style=&#8221;preset1&#8243; box_shadow_spread=&#8221;-5px&#8221; global_colors_info=&#8221;{}&#8221;][et_pb_gallery gallery_ids=&#8221;7002,6994,6998,7000,6992&#8243; fullwidth=&#8221;on&#8221; _builder_version=&#8221;4.24.2&#8243; _module_preset=&#8221;default&#8221; custom_margin=&#8221;||12px|||&#8221; global_colors_info=&#8221;{}&#8221;][\/et_pb_gallery][et_pb_text _builder_version=&#8221;4.24.2&#8243; _module_preset=&#8221;default&#8221; header_3_font_size=&#8221;20px&#8221; custom_margin=&#8221;6px|||||&#8221; custom_padding=&#8221;16px|16px|16px|16px|false|false&#8221; global_colors_info=&#8221;{}&#8221;]<\/p>\n<h3>HOTEL MAGNAT<\/h3>\n<p>ul. Kasztanowa 35, 32-085 Modlniczka<br \/>\nodleg\u0142o\u015b\u0107 od miejsca konferencji: 4,1 km<br \/>\n<a href=\"https:\/\/www.dworekmagnat.eu\/\" target=\"_blank\" rel=\"noopener\">dworekmagnat.eu<\/a><br \/>\ntel.: +48 508 760 152<\/p>\n<p>W sprawie koszt\u00f3w noclegu nale\u017cy skontaktowa\u0107 si\u0119 bezpo\u015brednio z hotelem.[\/et_pb_text][\/et_pb_column][\/et_pb_row][et_pb_row column_structure=&#8221;1_2,1_2&#8243; use_custom_gutter=&#8221;on&#8221; gutter_width=&#8221;4&#8243; make_equal=&#8221;on&#8221; disabled_on=&#8221;off|off|off&#8221; _builder_version=&#8221;4.24.2&#8243; global_colors_info=&#8221;{}&#8221;][et_pb_column type=&#8221;1_2&#8243; _builder_version=&#8221;4.17.3&#8243; background_color=&#8221;#FFFFFF&#8221; border_radii=&#8221;on|10px|10px|10px|10px&#8221; box_shadow_style=&#8221;preset1&#8243; box_shadow_spread=&#8221;-5px&#8221; global_colors_info=&#8221;{}&#8221;][et_pb_gallery gallery_ids=&#8221;7191,7193,7195,7197&#8243; fullwidth=&#8221;on&#8221; _builder_version=&#8221;4.24.2&#8243; _module_preset=&#8221;default&#8221; custom_margin=&#8221;||12px|||&#8221; global_colors_info=&#8221;{}&#8221;][\/et_pb_gallery][et_pb_text _builder_version=&#8221;4.24.2&#8243; _module_preset=&#8221;default&#8221; header_3_font_size=&#8221;20px&#8221; custom_margin=&#8221;6px|||||&#8221; custom_padding=&#8221;16px|16px|16px|16px|false|false&#8221; hover_enabled=&#8221;0&#8243; global_colors_info=&#8221;{}&#8221; sticky_enabled=&#8221;0&#8243;]<\/p>\n<h3>Q HOTEL KRAK\u00d3W***<\/h3>\n<p>ul. Radzikowskiego \u00a0142, 31-342, Krak\u00f3w<br \/>odleg\u0142o\u015b\u0107 od miejsca konferencji: 8,1 km<br \/><a href=\"https:\/\/www.qhotels.pl\/hotel-krakow-bronowice\/\" target=\"_blank\" rel=\"noopener\">www.qhotels.pl\/hotel-krakow-bronowice\/<\/a><br \/>tel.:\u00a0(12) \u00a0333-41-46<\/p>\n<p>Pok\u00f3j jednoosobowy: 300 z\u0142<br \/>Pok\u00f3j dwuosobowy: 360 z\u0142<\/p>\n<p>Podane stawki za nocleg obowi\u0105zuj\u0105 po podaniu has\u0142a \u201e<strong>IN\u017bYNIERIA<\/strong>\u201d.<\/p>\n<p><strong>OFERTA BEZZWROTNA<\/strong><\/p>\n<p>[\/et_pb_text][\/et_pb_column][et_pb_column type=&#8221;1_2&#8243; disabled_on=&#8221;on|on|on&#8221; _builder_version=&#8221;4.24.2&#8243; background_color=&#8221;#FFFFFF&#8221; border_radii=&#8221;on|10px|10px|10px|10px&#8221; box_shadow_style=&#8221;preset1&#8243; box_shadow_spread=&#8221;-5px&#8221; disabled=&#8221;on&#8221; global_colors_info=&#8221;{}&#8221;][et_pb_gallery gallery_ids=&#8221;7002,6994,6998,7000,6992&#8243; fullwidth=&#8221;on&#8221; _builder_version=&#8221;4.24.2&#8243; _module_preset=&#8221;default&#8221; custom_margin=&#8221;||12px|||&#8221; global_colors_info=&#8221;{}&#8221;][\/et_pb_gallery][et_pb_text _builder_version=&#8221;4.24.2&#8243; _module_preset=&#8221;default&#8221; header_3_font_size=&#8221;20px&#8221; custom_margin=&#8221;6px|||||&#8221; custom_padding=&#8221;16px|16px|16px|16px|false|false&#8221; global_colors_info=&#8221;{}&#8221;]<\/p>\n<h3>HOTEL MAGNAT<\/h3>\n<p>ul. Kasztanowa 35, 32-085 Modlniczka<br \/>\nodleg\u0142o\u015b\u0107 od miejsca konferencji: 4,1 km<br \/>\n<a href=\"https:\/\/www.dworekmagnat.eu\/\" target=\"_blank\" rel=\"noopener\">dworekmagnat.eu<\/a><br \/>\ntel.: +48 508 760 152<\/p>\n<p>W sprawie koszt\u00f3w noclegu nale\u017cy skontaktowa\u0107 si\u0119 bezpo\u015brednio z hotelem.[\/et_pb_text][\/et_pb_column][\/et_pb_row][et_pb_row column_structure=&#8221;1_2,1_2&#8243; use_custom_gutter=&#8221;on&#8221; gutter_width=&#8221;4&#8243; make_equal=&#8221;on&#8221; disabled_on=&#8221;on|on|on&#8221; _builder_version=&#8221;4.17.3&#8243; disabled=&#8221;on&#8221; global_colors_info=&#8221;{}&#8221;][et_pb_column type=&#8221;1_2&#8243; disabled_on=&#8221;on|on|on&#8221; _builder_version=&#8221;4.17.3&#8243; border_radii=&#8221;on|10px|10px|10px|10px&#8221; box_shadow_style=&#8221;preset1&#8243; box_shadow_spread=&#8221;-5px&#8221; disabled=&#8221;on&#8221; global_colors_info=&#8221;{}&#8221;][et_pb_gallery gallery_ids=&#8221;3419,3417,3427&#8243; fullwidth=&#8221;on&#8221; _builder_version=&#8221;4.17.3&#8243; _module_preset=&#8221;default&#8221; custom_margin=&#8221;||12px|||&#8221; global_colors_info=&#8221;{}&#8221;][\/et_pb_gallery][et_pb_text _builder_version=&#8221;4.17.3&#8243; _module_preset=&#8221;default&#8221; header_3_font_size=&#8221;20px&#8221; custom_margin=&#8221;6px|||||&#8221; custom_padding=&#8221;16px|16px|16px|16px|false|false&#8221; global_colors_info=&#8221;{}&#8221;]<\/p>\n<h3>HOTEL JURAJSKI***<\/h3>\n<p>ul. Jurajska 2A, 32-085 Modlnica<br \/>odleg\u0142o\u015b\u0107 od miejsca konferencji: 2,7 km<br \/><a href=\"http:\/\/www.hoteljurajski.com.pl\/\" target=\"_blank\" rel=\"noopener\">www.hoteljurajski.com.pl<\/a><\/p>\n<p><strong style=\"color: #be1b38;\">BRAK WOLNYCH MIEJSC<\/strong><br \/>Pok\u00f3j jednoosobowy: 200 z\u0142<br \/>Pok\u00f3j dwuosobowy: 200 z\u0142<\/p>\n<p>Cena obejmuje \u015bniadanie<\/p>\n<p>[\/et_pb_text][\/et_pb_column][et_pb_column type=&#8221;1_2&#8243; disabled_on=&#8221;off|off|off&#8221; _builder_version=&#8221;4.17.3&#8243; border_radii=&#8221;on|10px|10px|10px|10px&#8221; box_shadow_style=&#8221;preset1&#8243; box_shadow_spread=&#8221;-5px&#8221; global_colors_info=&#8221;{}&#8221;][et_pb_gallery gallery_ids=&#8221;2248,2249,2784,2785,2786&#8243; fullwidth=&#8221;on&#8221; _builder_version=&#8221;4.17.3&#8243; _module_preset=&#8221;default&#8221; custom_margin=&#8221;||12px|||&#8221; global_colors_info=&#8221;{}&#8221;][\/et_pb_gallery][et_pb_text _builder_version=&#8221;4.17.3&#8243; _module_preset=&#8221;default&#8221; header_3_font_size=&#8221;20px&#8221; custom_margin=&#8221;6px|||||&#8221; custom_padding=&#8221;16px|16px|16px|16px|false|false&#8221; global_colors_info=&#8221;{}&#8221;]<\/p>\n<h3>CHOCHO\u0141OWY DW\u00d3R<\/h3>\n<p>ul. Jana III Sobieskiego 172, 32-048 Jerzmanowice<br \/>odleg\u0142o\u015b\u0107 od miejsca konferencji: 13,1 km<br \/><a href=\"https:\/\/www.chocholowydwor.pl\/\" target=\"_blank\" rel=\"noopener\">www.chocholowydwor.pl<\/a><\/p>\n<p><span>W sprawie koszt\u00f3w noclegu nale\u017cy skontaktowa\u0107 si\u0119 bezpo\u015brednio z hotelem.<\/span><\/p>\n<p><strong><span style=\"color: #be1b38;\">Zapewniamy transport autobusowy z hotelu WY\u0141\u0104CZNIE na imprezy wieczorne (wraz z powrotem).<\/span><\/strong><\/p>\n<p><strong>W celu rezerwacji prosimy o kontakt z hotelem podaj\u0105c has\u0142o \u201eIn\u017cynieria Bezwykopowa\u201d:<br \/><\/strong>e-mail: <a href=\"mailto:recepcja@chocholowydwor.pl\">recepcja@chocholowydwor.pl<\/a><\/p>\n<p>[\/et_pb_text][\/et_pb_column][\/et_pb_row][et_pb_row column_structure=&#8221;1_2,1_2&#8243; use_custom_gutter=&#8221;on&#8221; gutter_width=&#8221;4&#8243; make_equal=&#8221;on&#8221; disabled_on=&#8221;on|on|on&#8221; _builder_version=&#8221;4.17.3&#8243; disabled=&#8221;on&#8221; global_colors_info=&#8221;{}&#8221;][et_pb_column type=&#8221;1_2&#8243; _builder_version=&#8221;4.17.3&#8243; border_radii=&#8221;on|10px|10px|10px|10px&#8221; box_shadow_style=&#8221;preset1&#8243; box_shadow_spread=&#8221;-5px&#8221; global_colors_info=&#8221;{}&#8221;][et_pb_gallery gallery_ids=&#8221;3419,3417,3427&#8243; fullwidth=&#8221;on&#8221; _builder_version=&#8221;4.17.3&#8243; _module_preset=&#8221;default&#8221; custom_margin=&#8221;||12px|||&#8221; global_colors_info=&#8221;{}&#8221;][\/et_pb_gallery][et_pb_text _builder_version=&#8221;4.17.3&#8243; _module_preset=&#8221;default&#8221; header_3_font_size=&#8221;20px&#8221; custom_margin=&#8221;6px|||||&#8221; custom_padding=&#8221;16px|16px|16px|16px|false|false&#8221; global_colors_info=&#8221;{}&#8221;]<\/p>\n<h3>HOTEL JURAJSKI***<\/h3>\n<p>ul. Jurajska 2A, 32-085 Modlnica<br \/>\nodleg\u0142o\u015b\u0107 od miejsca konferencji: 2,7 km<br \/>\n<a href=\"http:\/\/www.hoteljurajski.com.pl\/\" target=\"_blank\" rel=\"noopener\">www.hoteljurajski.com.pl<\/a><\/p>\n<p>Pok\u00f3j jednoosobowy: 200 z\u0142<br \/>\nPok\u00f3j dwuosobowy: 200 z\u0142<\/p>\n<p>Cena obejmuje \u015bniadanie[\/et_pb_text][\/et_pb_column][et_pb_column type=&#8221;1_2&#8243; disabled_on=&#8221;on|on|on&#8221; _builder_version=&#8221;4.17.3&#8243; border_radii=&#8221;on|10px|10px|10px|10px&#8221; box_shadow_style=&#8221;preset1&#8243; box_shadow_spread=&#8221;-5px&#8221; disabled=&#8221;on&#8221; global_colors_info=&#8221;{}&#8221;][et_pb_gallery gallery_ids=&#8221;3318,3310,3312,3320,3314,3316&#8243; fullwidth=&#8221;on&#8221; _builder_version=&#8221;4.17.3&#8243; _module_preset=&#8221;default&#8221; custom_margin=&#8221;||12px|||&#8221; global_colors_info=&#8221;{}&#8221;][\/et_pb_gallery][et_pb_text _builder_version=&#8221;4.17.3&#8243; _module_preset=&#8221;default&#8221; header_3_font_size=&#8221;20px&#8221; custom_margin=&#8221;6px|||||&#8221; custom_padding=&#8221;16px|16px|16px|16px|false|false&#8221; global_colors_info=&#8221;{}&#8221;]<\/p>\n<h3>HOTEL CONRAD****<\/h3>\n<p>ul. Josepha Conrada 29, 31-357, Krak\u00f3w<br \/>\nodleg\u0142o\u015b\u0107 od miejsca konferencji: 9,7 km<br \/>\n<a href=\"https:\/\/www.conradhotel.pl\/\" target=\"_blank\" rel=\"noopener\">www.conradhotel.pl<\/a><\/p>\n<p>Pok\u00f3j jednoosobowy: 195 z\u0142<br \/>\nPok\u00f3j dwuosobowy: 220 z\u0142<\/p>\n<p>Cena obejmuje \u015bniadanie[\/et_pb_text][\/et_pb_column][\/et_pb_row][\/et_pb_section]<\/p>\n","protected":false},"excerpt":{"rendered":"<p>HotelePoni\u017cej podajemy hotele, z kt\u00f3rych oferty mo\u017cecie Pa\u0144stwo skorzysta\u0107 podczas Konferencji In\u017cynieria Bezwykopowa (po\u0142o\u017cone w pobli\u017cu miejsca, w kt\u00f3rym odbywa si\u0119 wydarzenie). Zach\u0119camy do korzystania z system\u00f3w rezerwacyjnych lub kontaktu bezpo\u015brednio z hotelami.DW\u00d3R W TOMASZOWICACH Krakowska 68, 32-085 TomaszowiceMIEJSCE KONFERENCJIGPS: N 50\u00b08\u20199,823\u201d E 19\u00b050\u201933,129\u201dwww.dwor.pl BRAK WOLNYCH MIEJSCHOTEL WITEK**** ul. Handlowc\u00f3w 14, 32-085 Modlniczka, Krak\u00f3wodleg\u0142o\u015b\u0107 od [&hellip;]<\/p>\n","protected":false},"author":1,"featured_media":0,"parent":0,"menu_order":10,"comment_status":"closed","ping_status":"closed","template":"","meta":{"_et_pb_use_builder":"on","_et_pb_old_content":"<!-- wp:divi\/placeholder \/-->","_et_gb_content_width":"","inline_featured_image":false,"_mi_skip_tracking":false},"acf":[],"aioseo_notices":[],"_links":{"self":[{"href":"https:\/\/konferencje.inzynieria.com\/ib2024\/wp-json\/wp\/v2\/pages\/2219"}],"collection":[{"href":"https:\/\/konferencje.inzynieria.com\/ib2024\/wp-json\/wp\/v2\/pages"}],"about":[{"href":"https:\/\/konferencje.inzynieria.com\/ib2024\/wp-json\/wp\/v2\/types\/page"}],"author":[{"embeddable":true,"href":"https:\/\/konferencje.inzynieria.com\/ib2024\/wp-json\/wp\/v2\/users\/1"}],"replies":[{"embeddable":true,"href":"https:\/\/konferencje.inzynieria.com\/ib2024\/wp-json\/wp\/v2\/comments?post=2219"}],"version-history":[{"count":0,"href":"https:\/\/konferencje.inzynieria.com\/ib2024\/wp-json\/wp\/v2\/pages\/2219\/revisions"}],"wp:attachment":[{"href":"https:\/\/konferencje.inzynieria.com\/ib2024\/wp-json\/wp\/v2\/media?parent=2219"}],"curies":[{"name":"wp","href":"https:\/\/api.w.org\/{rel}","templated":true}]}}