{"id":3245,"date":"2022-05-13T12:26:15","date_gmt":"2022-05-13T12:26:15","guid":{"rendered":"https:\/\/konferencje.inzynieria.com\/ib2024\/hotels\/"},"modified":"2023-05-22T07:21:34","modified_gmt":"2023-05-22T07:21:34","slug":"hotels","status":"publish","type":"page","link":"https:\/\/konferencje.inzynieria.com\/ib2024\/en\/hotels\/","title":{"rendered":"Hotels"},"content":{"rendered":"<p>[et_pb_section fb_built=&#8221;1&#8243; custom_padding_last_edited=&#8221;on|phone&#8221; _builder_version=&#8221;4.17.3&#8243; use_background_color_gradient=&#8221;on&#8221; background_color_gradient_stops=&#8221;rgba(54,56,64,0.9) 0%|rgba(54,56,64,0.9) 100%&#8221; background_color_gradient_overlays_image=&#8221;on&#8221; background_color_gradient_start=&#8221;rgba(2,0,36,0.75)&#8221; background_color_gradient_end=&#8221;rgba(2,0,36,0.75)&#8221; background_image=&#8221;https:\/\/konferencje.inzynieria.com\/ib2024\/wp-content\/uploads\/2022\/05\/L1100940.jpg&#8221; background_position=&#8221;bottom_center&#8221; background_vertical_offset=&#8221;15%&#8221; custom_padding=&#8221;101px||100px||false|false&#8221; custom_padding_tablet=&#8221;175px||75px||false|false&#8221; custom_padding_phone=&#8221;150px||50px||false|false&#8221; bottom_divider_flip=&#8221;horizontal&#8221; bottom_divider_height_tablet=&#8221;75px&#8221; bottom_divider_height_phone=&#8221;50px&#8221; bottom_divider_height_last_edited=&#8221;on|desktop&#8221; global_colors_info=&#8221;{}&#8221;][et_pb_row _builder_version=&#8221;4.16&#8243; width=&#8221;50%&#8221; width_tablet=&#8221;80%&#8221; width_phone=&#8221;&#8221; width_last_edited=&#8221;on|desktop&#8221; global_colors_info=&#8221;{}&#8221;][et_pb_column type=&#8221;4_4&#8243; _builder_version=&#8221;4.16&#8243; global_colors_info=&#8221;{}&#8221;][et_pb_text _builder_version=&#8221;4.17.3&#8243; text_orientation=&#8221;center&#8221; background_layout=&#8221;dark&#8221; custom_margin=&#8221;||5px||false|false&#8221; global_colors_info=&#8221;{}&#8221;]<\/p>\n<h1>Hotels<\/h1>\n<p>[\/et_pb_text][\/et_pb_column][\/et_pb_row][\/et_pb_section][et_pb_section fb_built=&#8221;1&#8243; module_class=&#8221;podstrona-hotel&#8221; _builder_version=&#8221;4.17.3&#8243; background_enable_image=&#8221;off&#8221; background_size=&#8221;contain&#8221; global_colors_info=&#8221;{}&#8221;][et_pb_row column_structure=&#8221;1_2,1_2&#8243; use_custom_gutter=&#8221;on&#8221; gutter_width=&#8221;4&#8243; make_equal=&#8221;on&#8221; disabled_on=&#8221;off|off|off&#8221; _builder_version=&#8221;4.17.3&#8243; global_colors_info=&#8221;{}&#8221;][et_pb_column type=&#8221;1_2&#8243; _builder_version=&#8221;4.17.3&#8243; background_enable_color=&#8221;off&#8221; border_radii=&#8221;on|10px|10px|10px|10px&#8221; box_shadow_style=&#8221;preset1&#8243; box_shadow_spread=&#8221;-5px&#8221; global_colors_info=&#8221;{}&#8221;][et_pb_gallery gallery_ids=&#8221;2241,2242,2705,2704&#8243; fullwidth=&#8221;on&#8221; _builder_version=&#8221;4.17.3&#8243; _module_preset=&#8221;default&#8221; custom_margin=&#8221;||12px|||&#8221; global_colors_info=&#8221;{}&#8221;][\/et_pb_gallery][et_pb_text _builder_version=&#8221;4.17.3&#8243; _module_preset=&#8221;default&#8221; header_3_font_size=&#8221;20px&#8221; background_color=&#8221;#FFFFFF&#8221; custom_margin=&#8221;6px|||||&#8221; custom_padding=&#8221;16px|16px|16px|16px|false|false&#8221; global_colors_info=&#8221;{}&#8221;]<\/p>\n<h3>DW\u00d3R W TOMASZOWICACH<\/h3>\n<p>Krakowska 68, 32-085 Tomaszowice<br \/><strong>CONFERENCE VENUE<\/strong><br \/>GPS: N 50\u00b08\u20199,823\u201d E 19\u00b050\u201933,129\u201d<br \/><a href=\"http:\/\/www.dwor.pl\/\" target=\"_blank\" rel=\"noopener\">www.dwor.pl<\/a><\/p>\n<p><strong style=\"color: #be1b38;\">LACK OF ROOMS<\/strong><br \/>Single room: PLN 370<br \/>Double room: PLN 440<br \/>Two-person suite: PLN 520<\/p>\n<p>Price includes breakfast<\/p>\n<p>[\/et_pb_text][\/et_pb_column][et_pb_column type=&#8221;1_2&#8243; _builder_version=&#8221;4.17.3&#8243; border_radii=&#8221;on|10px|10px|10px|10px&#8221; box_shadow_style=&#8221;preset1&#8243; box_shadow_spread=&#8221;-5px&#8221; global_colors_info=&#8221;{}&#8221;][et_pb_gallery gallery_ids=&#8221;2246,2247,2781,2782&#8243; fullwidth=&#8221;on&#8221; _builder_version=&#8221;4.17.3&#8243; _module_preset=&#8221;default&#8221; custom_margin=&#8221;||12px|||&#8221; global_colors_info=&#8221;{}&#8221;][\/et_pb_gallery][et_pb_text _builder_version=&#8221;4.17.3&#8243; _module_preset=&#8221;default&#8221; header_3_font_size=&#8221;20px&#8221; custom_margin=&#8221;6px|||||&#8221; custom_padding=&#8221;16px|16px|16px|16px|false|false&#8221; global_colors_info=&#8221;{}&#8221;]<\/p>\n<h3>HOTEL WITEK****<\/h3>\n<p>ul. Handlowc\u00f3w 14, 32-085 Modlniczka, Krak\u00f3w<br \/>distance from the conference venue: 5,9 km<br \/><a href=\"http:\/\/www.hotelwitek.pl\/\" target=\"_blank\" rel=\"noopener\">www.hotelwitek.pl<\/a><\/p>\n<p>Single room: PLN 310<br \/>Double room: PLN 350<\/p>\n<p>Single room Superior: PLN 350<br \/>Double doom Superior: PLN 380<\/p>\n<p>Price includes breakfast<\/p>\n<p><strong><span style=\"color: #be1b38;\">We provide bus transport from the hotel to the conference and evening events (including return).<\/span><\/strong><\/p>\n<p><strong>For reservations, please contact the hotel quoting the slogan &#8220;ENGINEERING&#8221;:<\/strong><br \/>tel.: <a href=\"tel:+48%20515%20069%20508\">+48 515 069 508<\/a><br \/>e-mail: <a href=\"mailto:fom@hotelwitek.com.pl\">fom@hotelwitek.com.pl<\/a><\/p>\n<p><strong>OR<\/strong><\/p>\n<p>via the hotel&#8217;s website <a href=\"https:\/\/www.hotelwitek.pl\/\">www.hotelwitek.pl<\/a>: after selecting the dates and then the corresponding room, in the booking summary on the right-hand side, click on the &#8220;I HAVE A RABAT CODE&#8221; button and enter the password &#8220;ENGINEERING&#8221;<\/p>\n<p>The accommodation rates quoted apply when the password &#8220;<strong>ENGINEERING<\/strong>&#8221; is given.<br \/>The condition for maintaining the booking is that the stay is paid for by 20.05.2023.<\/p>\n<p>[\/et_pb_text][\/et_pb_column][\/et_pb_row][et_pb_row column_structure=&#8221;1_2,1_2&#8243; use_custom_gutter=&#8221;on&#8221; gutter_width=&#8221;4&#8243; make_equal=&#8221;on&#8221; disabled_on=&#8221;off|off|off&#8221; _builder_version=&#8221;4.17.3&#8243; global_colors_info=&#8221;{}&#8221;][et_pb_column type=&#8221;1_2&#8243; disabled_on=&#8221;off|off|off&#8221; _builder_version=&#8221;4.17.3&#8243; background_color=&#8221;#FFFFFF&#8221; border_radii=&#8221;on|10px|10px|10px|10px&#8221; box_shadow_style=&#8221;preset1&#8243; box_shadow_spread=&#8221;-5px&#8221; global_colors_info=&#8221;{}&#8221;][et_pb_gallery gallery_ids=&#8221;2681,2655,2659,2676,2677,2678,2679,2680&#8243; fullwidth=&#8221;on&#8221; _builder_version=&#8221;4.17.3&#8243; _module_preset=&#8221;default&#8221; custom_margin=&#8221;||12px|||&#8221; global_colors_info=&#8221;{}&#8221;][\/et_pb_gallery][et_pb_text _builder_version=&#8221;4.17.3&#8243; _module_preset=&#8221;default&#8221; header_3_font_size=&#8221;20px&#8221; custom_margin=&#8221;6px|||||&#8221; custom_padding=&#8221;16px|16px|16px|16px|false|false&#8221; global_colors_info=&#8221;{}&#8221;]<\/p>\n<h3>HOTEL &amp; RESTAURACJA MARGERITA***<\/h3>\n<p>ul. Cz\u0119stochowska 53, 32-085 Modlnica, Krak\u00f3w<br \/>distance from the conference venue: 4,0 km<br \/><a href=\"http:\/\/www.margerita.pl\/\" target=\"_blank\" rel=\"noopener\">www.margerita.pl<\/a><\/p>\n<p><strong style=\"color: #be1b38;\">LACK OF ROOMS<\/strong><br \/>Single room: PLN 250<br \/>Double room: PLN 310<\/p>\n<p>Price includes breakfast<\/p>\n<p><span style=\"color: #be1b38;\"><strong>We provide bus transport from the hotel to the conference and evening events (including return).<\/strong><\/span><\/p>\n<p><strong>For bookings, please contact the hotel quoting &#8216;Trenchless Engineering&#8217;:<br \/><\/strong> <a href=\"mailto:margerita@margerita.pl\">margerita@margerita.pl<\/a><\/p>\n<p>[\/et_pb_text][\/et_pb_column][et_pb_column type=&#8221;1_2&#8243; _builder_version=&#8221;4.17.3&#8243; background_color=&#8221;#FFFFFF&#8221; border_radii=&#8221;on|10px|10px|10px|10px&#8221; box_shadow_style=&#8221;preset1&#8243; box_shadow_spread=&#8221;-5px&#8221; global_colors_info=&#8221;{}&#8221;][et_pb_gallery gallery_ids=&#8221;2248,2249,2784,2785,2786&#8243; fullwidth=&#8221;on&#8221; _builder_version=&#8221;4.17.3&#8243; _module_preset=&#8221;default&#8221; custom_margin=&#8221;||12px|||&#8221; global_colors_info=&#8221;{}&#8221;][\/et_pb_gallery][et_pb_text _builder_version=&#8221;4.17.3&#8243; _module_preset=&#8221;default&#8221; header_3_font_size=&#8221;20px&#8221; custom_margin=&#8221;6px|||||&#8221; custom_padding=&#8221;16px|16px|16px|16px|false|false&#8221; global_colors_info=&#8221;{}&#8221;]<\/p>\n<h3>CHOCHO\u0141OWY DW\u00d3R<\/h3>\n<p>ul. Jana III Sobieskiego 172, 32-048 Jerzmanowice<br \/>distance from the conference venue: 13,1 km<br \/><a href=\"https:\/\/www.chocholowydwor.pl\/\" target=\"_blank\" rel=\"noopener\">www.chocholowydwor.pl<\/a><\/p>\n<p>Please contact the hotel directly for accommodation costs.<\/p>\n<p><strong><span style=\"color: #be1b38;\">We provide bus transport from the hotel ONLY to the evening events (including return).<\/span><\/strong><\/p>\n<p><strong>For bookings, please contact the hotel quoting &#8216;Trenchless Engineering&#8217;:<br \/><\/strong> <a href=\"mailto:recepcja@chocholowydwor.pl\">recepcja@chocholowydwor.pl<\/a><\/p>\n<p>[\/et_pb_text][\/et_pb_column][\/et_pb_row][et_pb_row column_structure=&#8221;1_2,1_2&#8243; use_custom_gutter=&#8221;on&#8221; gutter_width=&#8221;4&#8243; make_equal=&#8221;on&#8221; disabled_on=&#8221;off|off|off&#8221; _builder_version=&#8221;4.17.3&#8243; global_colors_info=&#8221;{}&#8221;][et_pb_column type=&#8221;1_2&#8243; disabled_on=&#8221;on|on|on&#8221; _builder_version=&#8221;4.17.3&#8243; border_radii=&#8221;on|10px|10px|10px|10px&#8221; box_shadow_style=&#8221;preset1&#8243; box_shadow_spread=&#8221;-5px&#8221; disabled=&#8221;on&#8221; global_colors_info=&#8221;{}&#8221;][et_pb_gallery gallery_ids=&#8221;3419,3417,3427&#8243; fullwidth=&#8221;on&#8221; _builder_version=&#8221;4.17.3&#8243; _module_preset=&#8221;default&#8221; custom_margin=&#8221;||12px|||&#8221; global_colors_info=&#8221;{}&#8221;][\/et_pb_gallery][et_pb_text _builder_version=&#8221;4.17.3&#8243; _module_preset=&#8221;default&#8221; header_3_font_size=&#8221;20px&#8221; custom_margin=&#8221;6px|||||&#8221; custom_padding=&#8221;16px|16px|16px|16px|false|false&#8221; global_colors_info=&#8221;{}&#8221;]<\/p>\n<h3>HOTEL JURAJSKI***<\/h3>\n<p>ul. Jurajska 2A, 32-085 Modlnica<br \/>odleg\u0142o\u015b\u0107 od miejsca konferencji: 2,7 km<br \/><a href=\"http:\/\/www.hoteljurajski.com.pl\/\" target=\"_blank\" rel=\"noopener\">www.hoteljurajski.com.pl<\/a><\/p>\n<p><strong style=\"color: #be1b38;\">LACK OF ROOMS<\/strong><br \/>Single room: PLN 200<br \/>Double room: PLN 200<\/p>\n<p>Price includes breakfast<\/p>\n<p>[\/et_pb_text][\/et_pb_column][et_pb_column type=&#8221;1_2&#8243; disabled_on=&#8221;off|off|off&#8221; _builder_version=&#8221;4.17.3&#8243; border_radii=&#8221;on|10px|10px|10px|10px&#8221; box_shadow_style=&#8221;preset1&#8243; box_shadow_spread=&#8221;-5px&#8221; global_colors_info=&#8221;{}&#8221;][et_pb_gallery gallery_ids=&#8221;3777,3779,3783,3785,3787,3789,3781&#8243; fullwidth=&#8221;on&#8221; _builder_version=&#8221;4.17.3&#8243; _module_preset=&#8221;default&#8221; custom_margin=&#8221;||12px|||&#8221; global_colors_info=&#8221;{}&#8221;][\/et_pb_gallery][et_pb_text _builder_version=&#8221;4.17.3&#8243; _module_preset=&#8221;default&#8221; header_3_font_size=&#8221;20px&#8221; custom_margin=&#8221;6px|||||&#8221; custom_padding=&#8221;16px|16px|16px|16px|false|false&#8221; global_colors_info=&#8221;{}&#8221;]<\/p>\n<h3>TENNIS &amp; COUNTRY CLUB***<\/h3>\n<p>ul. W\u0142adys\u0142awa Hermana 18, 32-085 Giebu\u0142t\u00f3w<br \/>distance from the conference venue: 4,8 km<br \/><a href=\"https:\/\/www.tcchotel.pl\/\" target=\"_blank\" rel=\"noopener\">www.tcchotel.pl<\/a><\/p>\n<p>Please contact the hotel directly for accommodation costs.<\/p>\n<p><strong><span style=\"color: #be1b38;\">We provide bus transport from the hotel ONLY to the evening events (including return).<\/span><\/strong><\/p>\n<p><strong>For bookings, please contact the hotel quoting &#8216;Trenchless Engineering&#8217;:<br \/><\/strong> <a href=\"mailto:m.swiechowicz-czop@tenniscountryclub.pl\">m.swiechowicz-czop@tenniscountryclub.pl<\/a><\/p>\n<p>[\/et_pb_text][\/et_pb_column][\/et_pb_row][et_pb_row column_structure=&#8221;1_2,1_2&#8243; use_custom_gutter=&#8221;on&#8221; gutter_width=&#8221;4&#8243; make_equal=&#8221;on&#8221; disabled_on=&#8221;on|on|on&#8221; _builder_version=&#8221;4.17.3&#8243; disabled=&#8221;on&#8221; global_colors_info=&#8221;{}&#8221;][et_pb_column type=&#8221;1_2&#8243; _builder_version=&#8221;4.17.3&#8243; border_radii=&#8221;on|10px|10px|10px|10px&#8221; box_shadow_style=&#8221;preset1&#8243; box_shadow_spread=&#8221;-5px&#8221; global_colors_info=&#8221;{}&#8221;][et_pb_gallery gallery_ids=&#8221;3419,3417,3427&#8243; fullwidth=&#8221;on&#8221; _builder_version=&#8221;4.17.3&#8243; _module_preset=&#8221;default&#8221; custom_margin=&#8221;||12px|||&#8221; global_colors_info=&#8221;{}&#8221;][\/et_pb_gallery][et_pb_text _builder_version=&#8221;4.17.3&#8243; _module_preset=&#8221;default&#8221; header_3_font_size=&#8221;20px&#8221; custom_margin=&#8221;6px|||||&#8221; custom_padding=&#8221;16px|16px|16px|16px|false|false&#8221; global_colors_info=&#8221;{}&#8221;]<\/p>\n<h3>HOTEL JURAJSKI***<\/h3>\n<p>ul. Jurajska 2A, 32-085 Modlnica<br \/>\nodleg\u0142o\u015b\u0107 od miejsca konferencji: 2,7 km<br \/>\n<a href=\"http:\/\/www.hoteljurajski.com.pl\/\" target=\"_blank\" rel=\"noopener\">www.hoteljurajski.com.pl<\/a><\/p>\n<p>Single room: PLN 200<br \/>\nDouble room: PLN 200<\/p>\n<p>Price includes breakfast[\/et_pb_text][\/et_pb_column][et_pb_column type=&#8221;1_2&#8243; disabled_on=&#8221;on|on|on&#8221; _builder_version=&#8221;4.17.3&#8243; border_radii=&#8221;on|10px|10px|10px|10px&#8221; box_shadow_style=&#8221;preset1&#8243; box_shadow_spread=&#8221;-5px&#8221; disabled=&#8221;on&#8221; global_colors_info=&#8221;{}&#8221;][et_pb_gallery gallery_ids=&#8221;3318,3310,3312,3320,3314,3316&#8243; fullwidth=&#8221;on&#8221; _builder_version=&#8221;4.17.3&#8243; _module_preset=&#8221;default&#8221; custom_margin=&#8221;||12px|||&#8221; global_colors_info=&#8221;{}&#8221;][\/et_pb_gallery][et_pb_text _builder_version=&#8221;4.17.3&#8243; _module_preset=&#8221;default&#8221; header_3_font_size=&#8221;20px&#8221; custom_margin=&#8221;6px|||||&#8221; custom_padding=&#8221;16px|16px|16px|16px|false|false&#8221; global_colors_info=&#8221;{}&#8221;]<\/p>\n<h3>HOTEL CONRAD****<\/h3>\n<p>ul. Josepha Conrada 29, 31-357, Krak\u00f3w<br \/>\nodleg\u0142o\u015b\u0107 od miejsca konferencji: 9,7 km<br \/>\n<a href=\"https:\/\/www.conradhotel.pl\/\" target=\"_blank\" rel=\"noopener\">www.conradhotel.pl<\/a><\/p>\n<p>Pok\u00f3j jednoosobowy: 195 z\u0142<br \/>\nPok\u00f3j dwuosobowy: 220 z\u0142<\/p>\n<p>Price includes breakfast[\/et_pb_text][\/et_pb_column][\/et_pb_row][\/et_pb_section]<\/p>\n","protected":false},"excerpt":{"rendered":"<p>HotelsDW\u00d3R W TOMASZOWICACH Krakowska 68, 32-085 TomaszowiceCONFERENCE VENUEGPS: N 50\u00b08\u20199,823\u201d E 19\u00b050\u201933,129\u201dwww.dwor.pl LACK OF ROOMSSingle room: PLN 370Double room: PLN 440Two-person suite: PLN 520 Price includes breakfastHOTEL WITEK**** ul. Handlowc\u00f3w 14, 32-085 Modlniczka, Krak\u00f3wdistance from the conference venue: 5,9 kmwww.hotelwitek.pl Single room: PLN 310Double room: PLN 350 Single room Superior: PLN 350Double doom Superior: PLN [&hellip;]<\/p>\n","protected":false},"author":1,"featured_media":0,"parent":0,"menu_order":11,"comment_status":"closed","ping_status":"closed","template":"","meta":{"_et_pb_use_builder":"on","_et_pb_old_content":"","_et_gb_content_width":"","inline_featured_image":false,"_mi_skip_tracking":false},"acf":[],"aioseo_notices":[],"_links":{"self":[{"href":"https:\/\/konferencje.inzynieria.com\/ib2024\/en\/wp-json\/wp\/v2\/pages\/3245"}],"collection":[{"href":"https:\/\/konferencje.inzynieria.com\/ib2024\/en\/wp-json\/wp\/v2\/pages"}],"about":[{"href":"https:\/\/konferencje.inzynieria.com\/ib2024\/en\/wp-json\/wp\/v2\/types\/page"}],"author":[{"embeddable":true,"href":"https:\/\/konferencje.inzynieria.com\/ib2024\/en\/wp-json\/wp\/v2\/users\/1"}],"replies":[{"embeddable":true,"href":"https:\/\/konferencje.inzynieria.com\/ib2024\/en\/wp-json\/wp\/v2\/comments?post=3245"}],"version-history":[{"count":0,"href":"https:\/\/konferencje.inzynieria.com\/ib2024\/en\/wp-json\/wp\/v2\/pages\/3245\/revisions"}],"wp:attachment":[{"href":"https:\/\/konferencje.inzynieria.com\/ib2024\/en\/wp-json\/wp\/v2\/media?parent=3245"}],"curies":[{"name":"wp","href":"https:\/\/api.w.org\/{rel}","templated":true}]}}