{"id":5727,"date":"2023-04-03T13:46:15","date_gmt":"2023-04-03T13:46:15","guid":{"rendered":"https:\/\/konferencje.inzynieria.com\/ib2023\/?page_id=5727"},"modified":"2023-05-19T10:18:49","modified_gmt":"2023-05-19T10:18:49","slug":"wystawa-i-pokazy-technologii","status":"publish","type":"page","link":"https:\/\/konferencje.inzynieria.com\/ib2023\/wystawa-i-pokazy-technologii\/","title":{"rendered":"Wystawa i Pokazy technologii"},"content":{"rendered":"<p>[et_pb_section fb_built=&#8221;1&#8243; module_class=&#8221;bg-grad-rb&#8221; _builder_version=&#8221;4.17.3&#8243; _module_preset=&#8221;default&#8221; global_colors_info=&#8221;{}&#8221;][et_pb_row _builder_version=&#8221;4.17.3&#8243; _module_preset=&#8221;default&#8221; global_colors_info=&#8221;{}&#8221;][et_pb_column type=&#8221;4_4&#8243; _builder_version=&#8221;4.17.3&#8243; _module_preset=&#8221;default&#8221; global_colors_info=&#8221;{}&#8221;][et_pb_text _builder_version=&#8221;4.17.3&#8243; _module_preset=&#8221;default&#8221; header_text_color=&#8221;#FFFFFF&#8221; header_2_text_color=&#8221;#FFFFFF&#8221; global_colors_info=&#8221;{}&#8221;]<\/p>\n<h2>Wystawa i pokazy technologii<\/h2>\n<p>[\/et_pb_text][\/et_pb_column][\/et_pb_row][\/et_pb_section][et_pb_section fb_built=&#8221;1&#8243; _builder_version=&#8221;4.17.3&#8243; _module_preset=&#8221;default&#8221; custom_padding=&#8221;||23px|||&#8221; hover_enabled=&#8221;0&#8243; custom_css_main_element=&#8221;display: flex;||align-items: flex-end;&#8221; global_colors_info=&#8221;{}&#8221; module_id=&#8221;wystawa&#8221; sticky_enabled=&#8221;0&#8243;][et_pb_row column_structure=&#8221;1_2,1_2&#8243; _builder_version=&#8221;4.17.3&#8243; _module_preset=&#8221;default&#8221; max_width=&#8221;1600px&#8221; custom_margin=&#8221;0px||||false|false&#8221; custom_margin_tablet=&#8221;0px||||false|false&#8221; custom_margin_phone=&#8221;0px||||false|false&#8221; custom_margin_last_edited=&#8221;on|tablet&#8221; custom_css_main_element=&#8221;    display: flex;||    align-items: flex-end;&#8221; global_colors_info=&#8221;{}&#8221;][et_pb_column type=&#8221;1_2&#8243; disabled_on=&#8221;on|on|off&#8221; _builder_version=&#8221;4.17.3&#8243; _module_preset=&#8221;default&#8221; global_colors_info=&#8221;{}&#8221;][et_pb_image src=&#8221;https:\/\/konferencje.inzynieria.com\/ib2023\/wp-content\/uploads\/2023\/04\/DJI_0024-1.jpg&#8221; alt=&#8221;wystawa&#8221; title_text=&#8221;wystawa&#8221; align=&#8221;center&#8221; _builder_version=&#8221;4.17.3&#8243; _module_preset=&#8221;default&#8221; border_radii=&#8221;on|370px|370px|370px|370px&#8221; global_colors_info=&#8221;{}&#8221;][\/et_pb_image][\/et_pb_column][et_pb_column type=&#8221;1_2&#8243; _builder_version=&#8221;4.17.3&#8243; _module_preset=&#8221;default&#8221; global_colors_info=&#8221;{}&#8221;][et_pb_text _builder_version=&#8221;4.17.3&#8243; _module_preset=&#8221;default&#8221; text_font_size=&#8221;18px&#8221; width=&#8221;79%&#8221; custom_margin=&#8221;||164px||false|false&#8221; custom_margin_tablet=&#8221;||0px||false|false&#8221; custom_margin_phone=&#8221;||0px||false|false&#8221; custom_margin_last_edited=&#8221;on|desktop&#8221; global_colors_info=&#8221;{}&#8221;]<\/p>\n<h3>Konferencja<br \/>In\u017cynieria BEZWYKOPOWA<\/h3>\n<p>To nie tylko wyk\u0142ady i dyskusje. Dzi\u0119ki wystawie i pokazom uczestnicy maj\u0105 niepowtarzaln\u0105 szans\u0119, by w jednym miejscu zapozna\u0107 si\u0119 z najnowszymi technologiami i produktami dost\u0119pnymi na rynku: pozna\u0107 ich atuty i mo\u017cliwo\u015bci oraz sprawdzi\u0107 na w\u0142asne oczy efekty dzia\u0142ania. Na stoiskach firm produkcyjnych i wykonawczych \u2013 mieszcz\u0105cych si\u0119 zar\u00f3wno w budynku konferencyjnym, jak i na terenie wok\u00f3\u0142 niego \u2013 ka\u017cdy b\u0119dzie m\u00f3g\u0142 porozmawia\u0107 z ich przedstawicielami i zada\u0107 szczeg\u00f3\u0142owe pytania. Po to, by nie przegapi\u0107 \u017cadnej okazji na rozw\u00f3j swojego biznesu.<\/p>\n<p>[\/et_pb_text][et_pb_gallery gallery_ids=&#8221;5683,5685,5687,5689,5691,5693,5697,5699,5701,5703,5705,5707,5709,5711,5713,5715,5717,5719&#8243; fullwidth=&#8221;on&#8221; _builder_version=&#8221;4.17.3&#8243; _module_preset=&#8221;default&#8221; auto=&#8221;on&#8221; auto_speed=&#8221;3000&#8243; border_radii=&#8221;on|250px|250px|250px|250px&#8221; global_colors_info=&#8221;{}&#8221;][\/et_pb_gallery][\/et_pb_column][\/et_pb_row][\/et_pb_section][et_pb_section fb_built=&#8221;1&#8243; module_class=&#8221;bg-grad-bg&#8221; _builder_version=&#8221;4.17.3&#8243; _module_preset=&#8221;default&#8221; global_colors_info=&#8221;{}&#8221;][et_pb_row column_structure=&#8221;1_4,3_4&#8243; _builder_version=&#8221;4.17.3&#8243; _module_preset=&#8221;default&#8221; global_colors_info=&#8221;{}&#8221;][et_pb_column type=&#8221;1_4&#8243; _builder_version=&#8221;4.17.3&#8243; _module_preset=&#8221;default&#8221; global_colors_info=&#8221;{}&#8221;][\/et_pb_column][et_pb_column type=&#8221;3_4&#8243; _builder_version=&#8221;4.17.3&#8243; _module_preset=&#8221;default&#8221; global_colors_info=&#8221;{}&#8221;][et_pb_text _builder_version=&#8221;4.17.3&#8243; _module_preset=&#8221;default&#8221; header_4_text_color=&#8221;#FFFFFF&#8221; global_colors_info=&#8221;{}&#8221;]<\/p>\n<h4>Chcesz zaprezentowa\u0107 sw\u00f3j sprz\u0119t lub us\u0142ugi podczas pokaz\u00f3w lub wystawy technologii? Napisz lub zadzwo\u0144 do mnie. Z pewno\u015bci\u0105 na tym skorzystasz.<\/h4>\n<p>[\/et_pb_text][\/et_pb_column][\/et_pb_row][et_pb_row column_structure=&#8221;1_4,3_4&#8243; _builder_version=&#8221;4.17.3&#8243; _module_preset=&#8221;default&#8221; global_colors_info=&#8221;{}&#8221;][et_pb_column type=&#8221;1_4&#8243; _builder_version=&#8221;4.17.3&#8243; _module_preset=&#8221;default&#8221; global_colors_info=&#8221;{}&#8221;][et_pb_image src=&#8221;https:\/\/konferencje.inzynieria.com\/ib2023\/wp-content\/uploads\/2023\/04\/Macius.jpg&#8221; title_text=&#8221;Macius&#8221; _builder_version=&#8221;4.17.3&#8243; _module_preset=&#8221;default&#8221; filter_saturate=&#8221;0%&#8221; border_radii=&#8221;on|100%|100%|100%|100%&#8221; global_colors_info=&#8221;{}&#8221;][\/et_pb_image][\/et_pb_column][et_pb_column type=&#8221;3_4&#8243; _builder_version=&#8221;4.17.3&#8243; _module_preset=&#8221;default&#8221; global_colors_info=&#8221;{}&#8221;][et_pb_button button_url=&#8221;mailto:maciej.gornisiewicz@inzynieria.com&#8221; button_text=&#8221;Napisz do mnie&#8221; _builder_version=&#8221;4.17.3&#8243; _module_preset=&#8221;default&#8221; global_colors_info=&#8221;{}&#8221;][\/et_pb_button][et_pb_text _builder_version=&#8221;4.17.3&#8243; _module_preset=&#8221;default&#8221; text_text_color=&#8221;#FFFFFF&#8221; header_4_text_color=&#8221;#FFFFFF&#8221; global_colors_info=&#8221;{}&#8221;]<\/p>\n<h4>Maciej G\u00f3rnisiewicz<\/h4>\n<p>gsm: +48 660 288 299<br \/>maciej.gornisiewicz@inzynieria.com<\/p>\n<p>[\/et_pb_text][\/et_pb_column][\/et_pb_row][\/et_pb_section]<\/p>\n","protected":false},"excerpt":{"rendered":"<p>Wystawa i pokazy technologiiKonferencjaIn\u017cynieria BEZWYKOPOWA To nie tylko wyk\u0142ady i dyskusje. Dzi\u0119ki wystawie i pokazom uczestnicy maj\u0105 niepowtarzaln\u0105 szans\u0119, by w jednym miejscu zapozna\u0107 si\u0119 z najnowszymi technologiami i produktami dost\u0119pnymi na rynku: pozna\u0107 ich atuty i mo\u017cliwo\u015bci oraz sprawdzi\u0107 na w\u0142asne oczy efekty dzia\u0142ania. Na stoiskach firm produkcyjnych i wykonawczych \u2013 mieszcz\u0105cych si\u0119 zar\u00f3wno [&hellip;]<\/p>\n","protected":false},"author":1,"featured_media":0,"parent":0,"menu_order":2,"comment_status":"closed","ping_status":"closed","template":"","meta":{"_et_pb_use_builder":"on","_et_pb_old_content":"","_et_gb_content_width":"","inline_featured_image":false,"_mi_skip_tracking":false,"footnotes":""},"acf":[],"aioseo_notices":[],"_links":{"self":[{"href":"https:\/\/konferencje.inzynieria.com\/ib2023\/wp-json\/wp\/v2\/pages\/5727"}],"collection":[{"href":"https:\/\/konferencje.inzynieria.com\/ib2023\/wp-json\/wp\/v2\/pages"}],"about":[{"href":"https:\/\/konferencje.inzynieria.com\/ib2023\/wp-json\/wp\/v2\/types\/page"}],"author":[{"embeddable":true,"href":"https:\/\/konferencje.inzynieria.com\/ib2023\/wp-json\/wp\/v2\/users\/1"}],"replies":[{"embeddable":true,"href":"https:\/\/konferencje.inzynieria.com\/ib2023\/wp-json\/wp\/v2\/comments?post=5727"}],"version-history":[{"count":9,"href":"https:\/\/konferencje.inzynieria.com\/ib2023\/wp-json\/wp\/v2\/pages\/5727\/revisions"}],"predecessor-version":[{"id":6271,"href":"https:\/\/konferencje.inzynieria.com\/ib2023\/wp-json\/wp\/v2\/pages\/5727\/revisions\/6271"}],"wp:attachment":[{"href":"https:\/\/konferencje.inzynieria.com\/ib2023\/wp-json\/wp\/v2\/media?parent=5727"}],"curies":[{"name":"wp","href":"https:\/\/api.w.org\/{rel}","templated":true}]}}