{"id":1777,"date":"2022-05-10T10:03:32","date_gmt":"2022-05-10T10:03:32","guid":{"rendered":"https:\/\/konferencje.inzynieria.com\/gibp2026\/?page_id=1777"},"modified":"2025-09-10T12:46:27","modified_gmt":"2025-09-10T12:46:27","slug":"prelegenci","status":"publish","type":"page","link":"https:\/\/konferencje.inzynieria.com\/gibp2026\/prelegenci\/","title":{"rendered":"Prelegenci"},"content":{"rendered":"<p>[et_pb_section fb_built=&#8221;1&#8243; custom_padding_last_edited=&#8221;on|phone&#8221; _builder_version=&#8221;4.17.3&#8243; use_background_color_gradient=&#8221;on&#8221; background_color_gradient_stops=&#8221;rgba(54,56,64,0.9) 0%|rgba(54,56,64,0.9) 100%&#8221; background_color_gradient_overlays_image=&#8221;on&#8221; background_color_gradient_start=&#8221;rgba(2,0,36,0.75)&#8221; background_color_gradient_end=&#8221;rgba(2,0,36,0.75)&#8221; background_image=&#8221;https:\/\/konferencje.inzynieria.com\/gibp2026\/wp-content\/uploads\/2022\/05\/L1100940.jpg&#8221; background_position=&#8221;bottom_center&#8221; background_vertical_offset=&#8221;20%&#8221; custom_padding=&#8221;35px||100px||false|false&#8221; custom_padding_tablet=&#8221;175px||75px||false|false&#8221; custom_padding_phone=&#8221;150px||50px||false|false&#8221; bottom_divider_flip=&#8221;horizontal&#8221; bottom_divider_height_tablet=&#8221;75px&#8221; bottom_divider_height_phone=&#8221;50px&#8221; bottom_divider_height_last_edited=&#8221;on|desktop&#8221; global_colors_info=&#8221;{}&#8221;][et_pb_row _builder_version=&#8221;4.16&#8243; width=&#8221;50%&#8221; width_tablet=&#8221;80%&#8221; width_phone=&#8221;&#8221; width_last_edited=&#8221;on|desktop&#8221; global_colors_info=&#8221;{}&#8221;][et_pb_column type=&#8221;4_4&#8243; _builder_version=&#8221;4.16&#8243; global_colors_info=&#8221;{}&#8221;][et_pb_text _builder_version=&#8221;4.17.3&#8243; text_orientation=&#8221;center&#8221; background_layout=&#8221;dark&#8221; custom_margin=&#8221;||5px||false|false&#8221; global_colors_info=&#8221;{}&#8221;]<\/p>\n<h1>Prelegenci \/ Paneli\u015bci<\/h1>\n<p>[\/et_pb_text][\/et_pb_column][\/et_pb_row][\/et_pb_section][et_pb_section fb_built=&#8221;1&#8243; _builder_version=&#8221;4.17.3&#8243; background_image=&#8221;https:\/\/konferencje.inzynieria.com\/gibp2026\/wp-content\/uploads\/2023\/03\/tlo_3_1400px.png&#8221; parallax=&#8221;on&#8221; global_colors_info=&#8221;{}&#8221;][et_pb_row _builder_version=&#8221;4.17.3&#8243; _module_preset=&#8221;default&#8221; global_module=&#8221;1865&#8243; saved_tabs=&#8221;all&#8221; global_colors_info=&#8221;{}&#8221;][et_pb_column type=&#8221;4_4&#8243; _builder_version=&#8221;4.17.3&#8243; _module_preset=&#8221;default&#8221; global_colors_info=&#8221;{}&#8221;][et_pb_blog post_type=&#8221;prelegenci&#8221; posts_number=&#8221;1000&#8243; use_manual_excerpt=&#8221;off&#8221; show_author=&#8221;off&#8221; show_date=&#8221;off&#8221; show_categories=&#8221;off&#8221; show_excerpt=&#8221;off&#8221; show_pagination=&#8221;off&#8221; module_class=&#8221;et-blog-css-grid wszyscy-prelegenci&#8221; _builder_version=&#8221;4.17.3&#8243; _module_preset=&#8221;default&#8221; header_level=&#8221;h3&#8243; header_text_align=&#8221;center&#8221; header_font_size=&#8221;18px&#8221; body_text_align=&#8221;center&#8221; meta_text_align=&#8221;center&#8221; meta_text_color=&#8221;#BE1B38&#8243; meta_font_size=&#8221;16px&#8221; text_orientation=&#8221;center&#8221; child_filter_saturate=&#8221;0%&#8221; custom_css_main_element=&#8221;||||&#8221; border_width_all=&#8221;0px&#8221; border_radii_image=&#8221;on|100%|100%|100%|100%&#8221; global_colors_info=&#8221;{}&#8221; child_filter_saturate__hover_enabled=&#8221;on|hover&#8221; child_filter_saturate__hover=&#8221;100%&#8221;][\/et_pb_blog][et_pb_code _builder_version=&#8221;4.17.3&#8243; _module_preset=&#8221;default&#8221; global_colors_info=&#8221;{}&#8221;]<\/p>\n<style><!-- [et_pb_line_break_holder] -->.et-blog-css-grid > div {<!-- [et_pb_line_break_holder] -->  display: grid;<!-- [et_pb_line_break_holder] -->  grid-template-columns: repeat(auto-fill, minmax(210px, 1fr));<!-- [et_pb_line_break_holder] -->  gap: 30px;<!-- [et_pb_line_break_holder] -->}<!-- [et_pb_line_break_holder] -->  <\/style>\n<p>[\/et_pb_code][\/et_pb_column][\/et_pb_row][et_pb_row disabled_on=&#8221;on|on|on&#8221; _builder_version=&#8221;4.22.1&#8243; _module_preset=&#8221;default&#8221; disabled=&#8221;on&#8221; global_colors_info=&#8221;{}&#8221;][et_pb_column type=&#8221;4_4&#8243; _builder_version=&#8221;4.22.1&#8243; _module_preset=&#8221;default&#8221; global_colors_info=&#8221;{}&#8221;][et_pb_text _builder_version=&#8221;4.22.1&#8243; _module_preset=&#8221;default&#8221; text_font=&#8221;||||||||&#8221; text_line_height=&#8221;1.4em&#8221; header_3_font=&#8221;|600|||||||&#8221; header_4_font=&#8221;||||||||&#8221; header_4_font_size=&#8221;24px&#8221; global_colors_info=&#8221;{}&#8221;]<\/p>\n<p><em>Powy\u017csza lista Prelegent\u00f3w nie jest jeszcze pe\u0142n\u0105 &#8211; jeste\u015bmy w trakcie uzgodnie\u0144 z pozosta\u0142ymi Prelegentami.<\/em><\/p>\n<p>[\/et_pb_text][\/et_pb_column][\/et_pb_row][\/et_pb_section]<\/p>\n","protected":false},"excerpt":{"rendered":"<p>Prelegenci \/ Paneli\u015bciPowy\u017csza lista Prelegent\u00f3w nie jest jeszcze pe\u0142n\u0105 &#8211; jeste\u015bmy w trakcie uzgodnie\u0144 z pozosta\u0142ymi Prelegentami.<\/p>\n","protected":false},"author":1,"featured_media":0,"parent":0,"menu_order":5,"comment_status":"closed","ping_status":"closed","template":"","meta":{"_et_pb_use_builder":"on","_et_pb_old_content":"<!-- wp:divi\/placeholder \/-->","_et_gb_content_width":"","inline_featured_image":false},"acf":[],"aioseo_notices":[],"_links":{"self":[{"href":"https:\/\/konferencje.inzynieria.com\/gibp2026\/wp-json\/wp\/v2\/pages\/1777"}],"collection":[{"href":"https:\/\/konferencje.inzynieria.com\/gibp2026\/wp-json\/wp\/v2\/pages"}],"about":[{"href":"https:\/\/konferencje.inzynieria.com\/gibp2026\/wp-json\/wp\/v2\/types\/page"}],"author":[{"embeddable":true,"href":"https:\/\/konferencje.inzynieria.com\/gibp2026\/wp-json\/wp\/v2\/users\/1"}],"replies":[{"embeddable":true,"href":"https:\/\/konferencje.inzynieria.com\/gibp2026\/wp-json\/wp\/v2\/comments?post=1777"}],"version-history":[{"count":1,"href":"https:\/\/konferencje.inzynieria.com\/gibp2026\/wp-json\/wp\/v2\/pages\/1777\/revisions"}],"predecessor-version":[{"id":9155,"href":"https:\/\/konferencje.inzynieria.com\/gibp2026\/wp-json\/wp\/v2\/pages\/1777\/revisions\/9155"}],"wp:attachment":[{"href":"https:\/\/konferencje.inzynieria.com\/gibp2026\/wp-json\/wp\/v2\/media?parent=1777"}],"curies":[{"name":"wp","href":"https:\/\/api.w.org\/{rel}","templated":true}]}}