{"id":11197,"date":"2022-05-13T12:26:15","date_gmt":"2022-05-13T12:26:15","guid":{"rendered":"https:\/\/konferencje.inzynieria.com\/gibp2026\/hotels\/"},"modified":"2026-04-08T08:08:56","modified_gmt":"2026-04-08T08:08:56","slug":"hotels","status":"publish","type":"page","link":"https:\/\/konferencje.inzynieria.com\/gibp2026\/en\/hotels\/","title":{"rendered":"Hotels"},"content":{"rendered":"<p>[et_pb_section fb_built=&#8221;1&#8243; custom_padding_last_edited=&#8221;on|phone&#8221; module_class=&#8221;bg-grad-rb&#8221; _builder_version=&#8221;4.22.1&#8243; background_enable_image=&#8221;off&#8221; background_position=&#8221;bottom_center&#8221; background_vertical_offset=&#8221;15%&#8221; custom_padding=&#8221;50px||50px||false|false&#8221; custom_padding_tablet=&#8221;175px||75px||false|false&#8221; custom_padding_phone=&#8221;50px||0px||false|false&#8221; bottom_divider_flip=&#8221;horizontal&#8221; bottom_divider_height_tablet=&#8221;75px&#8221; bottom_divider_height_phone=&#8221;50px&#8221; bottom_divider_height_last_edited=&#8221;on|desktop&#8221; global_colors_info=&#8221;{}&#8221;][et_pb_row _builder_version=&#8221;4.16&#8243; width=&#8221;50%&#8221; width_tablet=&#8221;80%&#8221; width_phone=&#8221;&#8221; width_last_edited=&#8221;on|desktop&#8221; global_colors_info=&#8221;{}&#8221;][et_pb_column type=&#8221;4_4&#8243; _builder_version=&#8221;4.16&#8243; global_colors_info=&#8221;{}&#8221;][et_pb_text _builder_version=&#8221;4.17.3&#8243; text_orientation=&#8221;center&#8221; background_layout=&#8221;dark&#8221; custom_margin=&#8221;||5px||false|false&#8221; global_colors_info=&#8221;{}&#8221;]<\/p>\n<h1>Hotels<\/h1>\n<p>[\/et_pb_text][\/et_pb_column][\/et_pb_row][\/et_pb_section][et_pb_section fb_built=&#8221;1&#8243; module_class=&#8221;podstrona-hotel&#8221; _builder_version=&#8221;4.17.3&#8243; background_enable_image=&#8221;off&#8221; background_size=&#8221;contain&#8221; global_colors_info=&#8221;{}&#8221;][et_pb_row _builder_version=&#8221;4.22.1&#8243; _module_preset=&#8221;default&#8221; global_colors_info=&#8221;{}&#8221;][et_pb_column type=&#8221;4_4&#8243; _builder_version=&#8221;4.22.1&#8243; _module_preset=&#8221;default&#8221; global_colors_info=&#8221;{}&#8221;][et_pb_text disabled_on=&#8221;on|on|on&#8221; _builder_version=&#8221;4.22.1&#8243; _module_preset=&#8221;default&#8221; disabled=&#8221;on&#8221; global_colors_info=&#8221;{}&#8221;]<\/p>\n<h4>The following prices apply after entering the password \u201cENGINEERING.\u201d<\/h4>\n<h4 style=\"font-weight: 500;\">The organizer does not guarantee the availability of hotel rooms, which we ask you to book individually.<\/h4>\n<p>[\/et_pb_text][et_pb_text _builder_version=&#8221;4.22.1&#8243; _module_preset=&#8221;default&#8221; global_colors_info=&#8221;{}&#8221;]<\/p>\n<h4 style=\"font-weight: 500;\">The organizer does not guarantee the availability of hotel rooms, which we ask you to book individually.<\/h4>\n<p>[\/et_pb_text][\/et_pb_column][\/et_pb_row][et_pb_row use_custom_gutter=&#8221;on&#8221; gutter_width=&#8221;4&#8243; make_equal=&#8221;on&#8221; disabled_on=&#8221;off|off|off&#8221; _builder_version=&#8221;4.22.1&#8243; global_colors_info=&#8221;{}&#8221;][et_pb_column type=&#8221;4_4&#8243; _builder_version=&#8221;4.17.3&#8243; background_color=&#8221;#FFFFFF&#8221; border_radii=&#8221;on|10px|10px|10px|10px&#8221; box_shadow_style=&#8221;preset1&#8243; box_shadow_spread=&#8221;-5px&#8221; global_colors_info=&#8221;{}&#8221;][et_pb_gallery gallery_ids=&#8221;9577,9571,9572,9575,9573,9576,9574,9570,9581,9579,9578,9580&#8243; fullwidth=&#8221;on&#8221; module_class=&#8221;galeria-hotele&#8221; _builder_version=&#8221;4.22.1&#8243; _module_preset=&#8221;default&#8221; custom_margin=&#8221;||12px|||&#8221; global_colors_info=&#8221;{}&#8221;][\/et_pb_gallery][et_pb_text _builder_version=&#8221;4.22.1&#8243; _module_preset=&#8221;default&#8221; header_3_font_size=&#8221;20px&#8221; custom_margin=&#8221;6px|||||&#8221; custom_padding=&#8221;16px|16px|16px|16px|false|false&#8221; hover_enabled=&#8221;0&#8243; global_colors_info=&#8221;{}&#8221; sticky_enabled=&#8221;0&#8243;]<\/p>\n<h3 style=\"margin-bottom: 24px;\">AIRPORT HOTEL OK\u0118CIE ****<\/h3>\n<p>ul. Komitetu Obrony Robotnik\u00f3w 24, 02-148 Warsaw, Poland<br \/><strong>CONGRESS VENUE<\/strong><br \/><a href=\"https:\/\/airporthotel.pl\/\" target=\"_blank\" rel=\"noopener\">airporthotel.pl<\/a><\/p>\n<p><strong>Prices: Conference participants are eligible for a 10% discount off the daily rate. <\/strong><\/p>\n<p><strong>Garage:<\/strong><br \/>9 PLN\/hour<br \/>90 PLN\/day<\/p>\n<p>Outdoor parking:<br \/>6 PLN\/hour<br \/>60 PLN\/day<\/p>\n<p><a href=\"tel:+48224568000\">+48 22 456 80 00<\/a><br \/><a href=\"mailto:rezerwacja@airporthotel.pl\">rezerwacja@airporthotel.pl<\/a><\/p>\n<p><strong><span style=\"color: #008e85;\">PLEASE MAKE INDIVIDUAL RESERVATIONS<\/span><\/strong><\/p>\n<p>[\/et_pb_text][\/et_pb_column][\/et_pb_row][et_pb_row column_structure=&#8221;1_2,1_2&#8243; use_custom_gutter=&#8221;on&#8221; gutter_width=&#8221;4&#8243; make_equal=&#8221;on&#8221; disabled_on=&#8221;on|on|on&#8221; _builder_version=&#8221;4.22.1&#8243; disabled=&#8221;on&#8221; global_colors_info=&#8221;{}&#8221;][et_pb_column type=&#8221;1_2&#8243; _builder_version=&#8221;4.17.3&#8243; background_color=&#8221;#FFFFFF&#8221; border_radii=&#8221;on|10px|10px|10px|10px&#8221; box_shadow_style=&#8221;preset1&#8243; box_shadow_spread=&#8221;-5px&#8221; global_colors_info=&#8221;{}&#8221;][et_pb_gallery gallery_ids=&#8221;8570,8572,8573,8574,8571&#8243; fullwidth=&#8221;on&#8221; module_class=&#8221;galeria-hotele&#8221; _builder_version=&#8221;4.22.1&#8243; _module_preset=&#8221;default&#8221; custom_margin=&#8221;||12px|||&#8221; global_colors_info=&#8221;{}&#8221;][\/et_pb_gallery][et_pb_text _builder_version=&#8221;4.22.1&#8243; _module_preset=&#8221;default&#8221; header_3_font_size=&#8221;20px&#8221; custom_margin=&#8221;6px|||||&#8221; custom_padding=&#8221;16px|16px|16px|16px|false|false&#8221; global_colors_info=&#8221;{}&#8221;]<\/p>\n<h3 style=\"margin-bottom: 24px;\">AIRPORT HOTEL OK\u0118CIE ****<\/h3>\n<p>ul. Komitetu Obrony Robotnik\u00f3w 24, 02-148 Warsaw, Poland<br \/>\n<strong>CONFERENCE VENUE<\/strong><br \/>\n<a href=\"https:\/\/airporthotel.pl\/\" target=\"_blank\" rel=\"noopener\">airporthotel.pl<\/a><\/p>\n<p><a href=\"tel:+48224568000\">+48 22 456 80 00<\/a><br \/>\n<a href=\"mailto:rezerwacja@airporthotel.pl\">rezerwacja@airporthotel.pl<\/a><\/p>\n<p>Comfort single room with breakfast: PLN 485.85 gross\/night<br \/>\nComfort double room with breakfast: PLN 547.35 gross\/night<\/p>\n<p><strong><span style=\"color: #008e85;\">PLEASE MAKE INDIVIDUAL RESERVATIONS<\/span><\/strong>[\/et_pb_text][\/et_pb_column][et_pb_column type=&#8221;1_2&#8243; disabled_on=&#8221;on|on|on&#8221; _builder_version=&#8221;4.22.1&#8243; background_color=&#8221;#FFFFFF&#8221; border_radii=&#8221;on|10px|10px|10px|10px&#8221; box_shadow_style=&#8221;preset1&#8243; box_shadow_spread=&#8221;-5px&#8221; disabled=&#8221;on&#8221; global_colors_info=&#8221;{}&#8221;][et_pb_gallery gallery_ids=&#8221;8565,8567,8568,8569&#8243; fullwidth=&#8221;on&#8221; module_class=&#8221;galeria-hotele&#8221; _builder_version=&#8221;4.22.1&#8243; _module_preset=&#8221;default&#8221; custom_margin=&#8221;||12px|||&#8221; global_colors_info=&#8221;{}&#8221;][\/et_pb_gallery][et_pb_text _builder_version=&#8221;4.22.1&#8243; _module_preset=&#8221;default&#8221; header_3_font_size=&#8221;20px&#8221; custom_margin=&#8221;6px|||||&#8221; custom_padding=&#8221;16px|16px|16px|16px|false|false&#8221; global_colors_info=&#8221;{}&#8221;]<\/p>\n<h3 style=\"margin-bottom: 24px;\">HOTEL AMBASADOR<br \/>CENTRUM****<\/h3>\n<p>Al. Pi\u0142sudskiego 29, 90-307 \u0141\u00f3d\u017a <br \/><strong>W TYM SAMYM KOMPLEKSIE<\/strong><br \/><a href=\"https:\/\/www.hotelambasador.eu\/centrum\/hotel\/\" target=\"_blank\" rel=\"noopener\">hotelambasador.eu<\/a><\/p>\n<p><strong><span style=\"color: #008e85;\">PLEASE MAKE INDIVIDUAL RESERVATIONS<\/span><\/strong><\/p>\n<p>[\/et_pb_text][\/et_pb_column][\/et_pb_row][et_pb_row column_structure=&#8221;1_2,1_2&#8243; use_custom_gutter=&#8221;on&#8221; gutter_width=&#8221;4&#8243; make_equal=&#8221;on&#8221; disabled_on=&#8221;on|on|on&#8221; _builder_version=&#8221;4.17.3&#8243; disabled=&#8221;on&#8221; global_colors_info=&#8221;{}&#8221;][et_pb_column type=&#8221;1_2&#8243; disabled_on=&#8221;on|on|on&#8221; _builder_version=&#8221;4.17.3&#8243; border_radii=&#8221;on|10px|10px|10px|10px&#8221; box_shadow_style=&#8221;preset1&#8243; box_shadow_spread=&#8221;-5px&#8221; disabled=&#8221;on&#8221; global_colors_info=&#8221;{}&#8221;][et_pb_gallery gallery_ids=&#8221;3419,3417,3427&#8243; fullwidth=&#8221;on&#8221; _builder_version=&#8221;4.17.3&#8243; _module_preset=&#8221;default&#8221; custom_margin=&#8221;||12px|||&#8221; global_colors_info=&#8221;{}&#8221;][\/et_pb_gallery][et_pb_text _builder_version=&#8221;4.17.3&#8243; _module_preset=&#8221;default&#8221; header_3_font_size=&#8221;20px&#8221; custom_margin=&#8221;6px|||||&#8221; custom_padding=&#8221;16px|16px|16px|16px|false|false&#8221; global_colors_info=&#8221;{}&#8221;]<\/p>\n<h3>HOTEL JURAJSKI***<\/h3>\n<p>ul. Jurajska 2A, 32-085 Modlnica<br \/>odleg\u0142o\u015b\u0107 od miejsca konferencji: 2,7 km<br \/><a href=\"http:\/\/www.hoteljurajski.com.pl\/\" target=\"_blank\" rel=\"noopener\">www.hoteljurajski.com.pl<\/a><\/p>\n<p><strong style=\"color: #be1b38;\">BRAK WOLNYCH MIEJSC<\/strong><br \/>Pok\u00f3j jednoosobowy: 200 z\u0142<br \/>Pok\u00f3j dwuosobowy: 200 z\u0142<\/p>\n<p>Price includes breakfast<\/p>\n<p>[\/et_pb_text][\/et_pb_column][et_pb_column type=&#8221;1_2&#8243; disabled_on=&#8221;off|off|off&#8221; _builder_version=&#8221;4.17.3&#8243; border_radii=&#8221;on|10px|10px|10px|10px&#8221; box_shadow_style=&#8221;preset1&#8243; box_shadow_spread=&#8221;-5px&#8221; global_colors_info=&#8221;{}&#8221;][et_pb_gallery gallery_ids=&#8221;3777,3779,3783,3785,3787,3789,3781&#8243; fullwidth=&#8221;on&#8221; _builder_version=&#8221;4.17.3&#8243; _module_preset=&#8221;default&#8221; custom_margin=&#8221;||12px|||&#8221; global_colors_info=&#8221;{}&#8221;][\/et_pb_gallery][et_pb_text _builder_version=&#8221;4.17.3&#8243; _module_preset=&#8221;default&#8221; header_3_font_size=&#8221;20px&#8221; custom_margin=&#8221;6px|||||&#8221; custom_padding=&#8221;16px|16px|16px|16px|false|false&#8221; global_colors_info=&#8221;{}&#8221;]<\/p>\n<h3>TENNIS &amp; COUNTRY CLUB***<\/h3>\n<p>ul. W\u0142adys\u0142awa Hermana 18, 32-085 Giebu\u0142t\u00f3w<br \/>odleg\u0142o\u015b\u0107 od miejsca konferencji: 4,8 km<br \/><a href=\"https:\/\/www.tcchotel.pl\/\" target=\"_blank\" rel=\"noopener\">www.tcchotel.pl<\/a><\/p>\n<p>W sprawie koszt\u00f3w noclegu nale\u017cy skontaktowa\u0107 si\u0119 bezpo\u015brednio z hotelem.<\/p>\n<p><strong><span style=\"color: #be1b38;\">We provide bus transport from the hotel ONLY to the evening events (including return).<\/span><\/strong><\/p>\n<p><strong>W celu rezerwacji prosimy o kontakt z hotelem podaj\u0105c has\u0142o \u201eIn\u017cynieria Bezwykopowa\u201d:<br \/><\/strong>e-mail: <a href=\"mailto:m.swiechowicz-czop@tenniscountryclub.pl\">m.swiechowicz-czop@tenniscountryclub.pl<\/a><\/p>\n<p>[\/et_pb_text][\/et_pb_column][\/et_pb_row][\/et_pb_section]<\/p>\n","protected":false},"excerpt":{"rendered":"<p>HotelsThe following prices apply after entering the password \u201cENGINEERING.\u201d The organizer does not guarantee the availability of hotel rooms, which we ask you to book individually.The organizer does not guarantee the availability of hotel rooms, which we ask you to book individually.AIRPORT HOTEL OK\u0118CIE **** ul. Komitetu Obrony Robotnik\u00f3w 24, 02-148 Warsaw, PolandCONGRESS VENUEairporthotel.pl Prices: [&hellip;]<\/p>\n","protected":false},"author":1,"featured_media":0,"parent":0,"menu_order":6,"comment_status":"closed","ping_status":"closed","template":"","meta":{"_et_pb_use_builder":"on","_et_pb_old_content":"","_et_gb_content_width":"","inline_featured_image":false},"acf":[],"aioseo_notices":[],"_links":{"self":[{"href":"https:\/\/konferencje.inzynieria.com\/gibp2026\/en\/wp-json\/wp\/v2\/pages\/11197"}],"collection":[{"href":"https:\/\/konferencje.inzynieria.com\/gibp2026\/en\/wp-json\/wp\/v2\/pages"}],"about":[{"href":"https:\/\/konferencje.inzynieria.com\/gibp2026\/en\/wp-json\/wp\/v2\/types\/page"}],"author":[{"embeddable":true,"href":"https:\/\/konferencje.inzynieria.com\/gibp2026\/en\/wp-json\/wp\/v2\/users\/1"}],"replies":[{"embeddable":true,"href":"https:\/\/konferencje.inzynieria.com\/gibp2026\/en\/wp-json\/wp\/v2\/comments?post=11197"}],"version-history":[{"count":4,"href":"https:\/\/konferencje.inzynieria.com\/gibp2026\/en\/wp-json\/wp\/v2\/pages\/11197\/revisions"}],"predecessor-version":[{"id":12241,"href":"https:\/\/konferencje.inzynieria.com\/gibp2026\/en\/wp-json\/wp\/v2\/pages\/11197\/revisions\/12241"}],"wp:attachment":[{"href":"https:\/\/konferencje.inzynieria.com\/gibp2026\/en\/wp-json\/wp\/v2\/media?parent=11197"}],"curies":[{"name":"wp","href":"https:\/\/api.w.org\/{rel}","templated":true}]}}