{"id":5190,"date":"2020-02-25T12:07:24","date_gmt":"2020-02-25T11:07:24","guid":{"rendered":"https:\/\/konferencje.inzynieria.com\/cipp2021\/?page_id=5190"},"modified":"2021-01-20T13:09:19","modified_gmt":"2021-01-20T12:09:19","slug":"wystawa","status":"publish","type":"page","link":"https:\/\/konferencje.inzynieria.com\/cipp2021\/wystawa\/","title":{"rendered":"Wystawa"},"content":{"rendered":"<p>[vc_row full_width=&#8221;stretch_row&#8221; css=&#8221;.vc_custom_1605780730938{background: #c2c2c2 url(https:\/\/konferencje.inzynieria.com\/cipp2021\/wp-content\/uploads\/2016\/05\/stoiskov3.jpg?id=5332) !important;background-position: center !important;background-repeat: no-repeat !important;background-size: contain !important;}&#8221; el_class=&#8221;slider-wystawa&#8221;][vc_column]<div id=\"main-slider\" data-height_desk=\"450px\" data-height_ipad=\"halfheight\" data-height_mobile=\"300px\" data-loop=\"false\" data-auto_slider=\"true\" data-duration=\"3000\" data-navigation=\"false\"  class=\"owl-carousel owl-theme \"><div class=\"item page text-center slide0\">\n                    <div class=\"caption\">\n                        \n                            <div class=\"div-table\">\n                                <div class=\"div-cell\"><h2 style=\"\r\n    text-align: left;\r\n    font-weight: 700;\r\n\">ZAPLANUJ\r\n    SW\u00d3J UDZIA\u0141<\/h2><h2 style=\"\r\n    text-align: left;\r\n    font-weight: 700;\r\n\">\r\nW WYDARZENIU<\/h2>\r\n<h2 style=\"\r\n    text-align: left;\r\n    font-weight: 700;\r\n    margin-top: 40px;\r\n\">ZOBACZ Z KIM\r\nMO\u017bESZ <\/h2><h2 style=\"\r\n    text-align: left;\r\n    font-weight: 700;\r\n\">SI\u0118\r\nSPOTKA\u0106 I O CZYM\r\n<\/h2><h2 style=\"\r\n    text-align: left;\r\n    font-weight: 700;\r\n\">POROZMAWIA\u0106<\/h2><\/div><\/div><\/div><\/div><\/div>[\/vc_column][\/vc_row][vc_row][vc_column][vc_column_text]<\/p>\n<h2 class=\"napis-slider-top-wystawa\" style=\"text-align: center;\">KLIKNIJ\u00a0W LOGO FIRMY I SPRAWD\u0179 O CZYM MO\u017bESZ POROZMAWIA\u0106<\/h2>\n<p>[\/vc_column_text][vc_column_text]<div class='white' style='background:rgba(0,0,0,0); border:solid 0px rgba(0,0,0,0); border-radius:0px; padding:0px 0px 0px 0px;'>\n<div id='slider_5188' class='owl-carousel sa_owl_theme autohide-arrows' data-slider-id='slider_5188' style='visibility:hidden;'>\n<div id='slider_5188_slide01' class='sa_hover_container' style='padding:5% 5%; margin:0px 0%; '><p><a href=\"\/cipp2021\/wystawa\/#aarsleff\"><img class=\"alignnone size-full wp-image-5190\" src=\"https:\/\/konferencje.inzynieria.com\/cipp2021\/wp-content\/uploads\/2016\/05\/aarsleff.png\" alt=\"\" width=\"400\" height=\"220\" \/><\/a><\/p><\/div>\n<div id='slider_5188_slide02' class='sa_hover_container' style='padding:5% 5%; margin:0px 0%; '><p><a href=\"\/cipp2021\/wystawa\/#blejkan\"><img class=\"alignnone size-full wp-image-5190\" src=\"https:\/\/konferencje.inzynieria.com\/cipp2021\/wp-content\/uploads\/2020\/11\/blejkan.png\" alt=\"\" width=\"400\" height=\"220\" \/><\/a><\/p><\/div>\n<div id='slider_5188_slide03' class='sa_hover_container' style='padding:5% 5%; margin:0px 0%; '><p><a href=\"\/cipp2021\/wystawa\/#gammbud\"><img class=\"alignnone size-full wp-image-5190\" src=\"https:\/\/konferencje.inzynieria.com\/cipp2021\/wp-content\/uploads\/2016\/05\/gammbud.png\" alt=\"\" width=\"400\" height=\"220\" \/><\/a><\/p><\/div>\n<div id='slider_5188_slide04' class='sa_hover_container' style='padding:5% 5%; margin:0px 0%; '><p><a href=\"\/cipp2021\/wystawa\/#insituform\"><img class=\"alignnone size-full wp-image-5190\" src=\"https:\/\/konferencje.inzynieria.com\/cipp2021\/wp-content\/uploads\/2016\/05\/insitu.png\" alt=\"\" width=\"400\" height=\"220\" \/><\/a><\/p><\/div>\n<div id='slider_5188_slide05' class='sa_hover_container' style='padding:5% 5%; margin:0px 0%; '><p><a href=\"\/cipp2021\/wystawa\/#inzynieria\"><img class=\"alignnone size-full wp-image-5190\" src=\"https:\/\/konferencje.inzynieria.com\/ib2020\/wp-content\/uploads\/2016\/05\/sponsorzy_sliderTOP_400x220_inzynieria.png\" alt=\"\" width=\"400\" height=\"220\" \/><\/a><\/p><\/div>\n<div id='slider_5188_slide06' class='sa_hover_container' style='padding:5% 5%; margin:0px 0%; '><p><a href=\"\/cipp2021\/wystawa\/#mazur\"><img class=\"alignnone size-full wp-image-5190\" src=\"https:\/\/konferencje.inzynieria.com\/cipp2021\/wp-content\/uploads\/2020\/12\/mazur-1.png\" alt=\"\" width=\"400\" height=\"220\" \/><\/a><\/p><\/div>\n<div id='slider_5188_slide07' class='sa_hover_container' style='padding:5% 5%; margin:0px 0%; '><p><a href=\"\/cipp2021\/wystawa\/#poliner\"><img class=\"alignnone size-full wp-image-5190\" src=\"https:\/\/konferencje.inzynieria.com\/cipp2021\/wp-content\/uploads\/2020\/12\/poliner.png\" alt=\"\" width=\"400\" height=\"220\" \/><\/a><\/p><\/div>\n<div id='slider_5188_slide08' class='sa_hover_container' style='padding:5% 5%; margin:0px 0%; '><p><a href=\"\/cipp2021\/wystawa\/#quality-studio\"><img class=\"alignnone size-full wp-image-5192\" src=\"https:\/\/konferencje.inzynieria.com\/ib2020\/wp-content\/uploads\/2016\/05\/sponsorzy_sliderTOP_400x220_quality.png\" alt=\"\" width=\"400\" height=\"220\" \/><\/a><\/p><\/div>\n<div id='slider_5188_slide09' class='sa_hover_container' style='padding:5% 5%; margin:0px 0%; '><p><a href=\"\/cipp2021\/wystawa\/#relineeurope\"><img class=\"alignnone size-full wp-image-5190\" src=\"https:\/\/konferencje.inzynieria.com\/cipp2021\/wp-content\/uploads\/2016\/05\/relineeurope.png\" alt=\"\" width=\"400\" height=\"220\" \/><\/a><\/p><\/div>\n<\/div>\n<\/div>\n<script type='text\/javascript'>\n\tjQuery(document).ready(function() {\n\t\tjQuery('#slider_5188').owlCarousel({\n\t\t\tresponsive:{\n\t\t\t\t0:{ items:3 },\n\t\t\t\t480:{ items:4 },\n\t\t\t\t768:{ items:4 },\n\t\t\t\t980:{ items:6 },\n\t\t\t\t1200:{ items:6 },\n\t\t\t\t1500:{ items:6 }\n\t\t\t},\n\t\t\tautoplay : true,\n\t\t\tautoplayTimeout : 2000,\n\t\t\tautoplayHoverPause : false,\n\t\t\tsmartSpeed : 300,\n\t\t\tfluidSpeed : 300,\n\t\t\tautoplaySpeed : 300,\n\t\t\tnavSpeed : 300,\n\t\t\tdotsSpeed : 300,\n\t\t\tloop : true,\n\t\t\tnav : true,\n\t\t\tnavText : ['',''],\n\t\t\tdots : false,\n\t\t\tresponsiveRefreshRate : 200,\n\t\t\tslideBy : 1,\n\t\t\tmergeFit : true,\n\t\t\tautoHeight : false,\n\t\t\tmouseDrag : false,\n\t\t\ttouchDrag : true\n\t\t});\n\t\tjQuery('#slider_5188').css('visibility', 'visible');\n\t\tsa_resize_slider_5188();\n\t\twindow.addEventListener('resize', sa_resize_slider_5188);\n\t\tfunction sa_resize_slider_5188() {\n\t\t\tvar min_height = '50';\n\t\t\tvar win_width = jQuery(window).width();\n\t\t\tvar slider_width = jQuery('#slider_5188').width();\n\t\t\tif (win_width < 480) {\n\t\t\t\tvar slide_width = slider_width \/ 3;\n\t\t\t} else if (win_width < 768) {\n\t\t\t\tvar slide_width = slider_width \/ 4;\n\t\t\t} else if (win_width < 980) {\n\t\t\t\tvar slide_width = slider_width \/ 4;\n\t\t\t} else if (win_width < 1200) {\n\t\t\t\tvar slide_width = slider_width \/ 6;\n\t\t\t} else if (win_width < 1500) {\n\t\t\t\tvar slide_width = slider_width \/ 6;\n\t\t\t} else {\n\t\t\t\tvar slide_width = slider_width \/ 6;\n\t\t\t}\n\t\t\tslide_width = Math.round(slide_width);\n\t\t\tvar slide_height = '0';\n\t\t\tif (min_height == 'aspect43') {\n\t\t\t\tslide_height = (slide_width \/ 4) * 3;\t\t\t\tslide_height = Math.round(slide_height);\n\t\t\t} else if (min_height == 'aspect169') {\n\t\t\t\tslide_height = (slide_width \/ 16) * 9;\t\t\t\tslide_height = Math.round(slide_height);\n\t\t\t} else {\n\t\t\t\tslide_height = (slide_width \/ 100) * min_height;\t\t\t\tslide_height = Math.round(slide_height);\n\t\t\t}\n\t\t\tjQuery('#slider_5188 .owl-item .sa_hover_container').css('min-height', slide_height+'px');\n\t\t}\n\t});\n<\/script>\n[\/vc_column_text][\/vc_column][\/vc_row][vc_row full_width=&#8221;stretch_row_content&#8221; el_class=&#8221;zakladki-wystawa&#8221;][vc_column][vc_tta_tabs style=&#8221;modern&#8221; active_section=&#8221;1&#8243;][vc_tta_section title=&#8221;Aarsleff&#8221; tab_id=&#8221;aarsleff&#8221;][vc_row_inner][vc_column_inner width=&#8221;1\/2&#8243; offset=&#8221;vc_hidden-md vc_hidden-sm vc_hidden-xs&#8221;][vc_single_image image=&#8221;5386&#8243; img_size=&#8221;full&#8221;][vc_empty_space][vc_text_separator title=&#8221;Dodatkowe materia\u0142y&#8221;][vc_empty_space]<a href=\"\" target='_blank' style=\"margin: 0px 10px 10px 10px\" class=\"btn btn-theme animated flipInY visible   wystawa-aarsleff-wideo\" data-animation=\"flipInY\" data-animation-delay=\"200\">WIDEO<\/a><a href=\"https:\/\/konferencje.inzynieria.com\/cipp2021\/wp-content\/uploads\/2016\/05\/AARSLEFF-interaktywny-folder-CIPP-2021.pdf\" target='_blank' style=\"margin: 0px 10px 10px 10px\" class=\"btn btn-theme animated flipInY visible   \" data-animation=\"flipInY\" data-animation-delay=\"200\">INTERAKTYWNY FOLDER<\/a>[\/vc_column_inner][vc_column_inner width=&#8221;1\/2&#8243;][vc_column_text]<strong style=\"border-bottom: 3px solid #c9d13d;\">SPONSOR PLATYNOWY<\/strong><\/p>\n<p><strong>Aarsleff sp. z o.o.<\/strong>\u00a0to firma nale\u017c\u0105ca do koncernu Per Aarsleff z siedzib\u0105 w Danii. Na polskim rynku funkcjonuje od 1996 r. Firma jest liderem w zakresie technologii pali prefabrykowanych, jak r\u00f3wnie\u017c jednym z najwi\u0119kszych przedsi\u0119biorstw wykonawczych w Polsce, zajmuj\u0105cych si\u0119 specjalistycznymi robotami geotechnicznymi oraz hydrotechnicznymi.<\/p>\n<p><strong>OFERTA I TECHNOLOGIE<\/strong><br \/>\n\u2013 pale prefabrykowane;<br \/>\n\u2013 renowacja rurami segmentowymi GRP;<br \/>\n\u2013 renowacja r\u0119kawami utwardzanymi na miejscu;<br \/>\n\u2013 inspekcje telewizyjne.<\/p>\n<p><strong>DOWIEDZ SI\u0118 WI\u0118CEJ<\/strong><br \/>\nWWW:\u00a0<a href=\"http:\/\/aarsleff.pl\/\">aarsleff.pl<\/a>[\/vc_column_text][\/vc_column_inner][\/vc_row_inner][\/vc_tta_section][vc_tta_section title=&#8221;Blejkan&#8221; tab_id=&#8221;blejkan&#8221;][vc_row_inner][vc_column_inner width=&#8221;1\/2&#8243; offset=&#8221;vc_hidden-md vc_hidden-sm vc_hidden-xs&#8221;][vc_single_image image=&#8221;5364&#8243; img_size=&#8221;full&#8221;][vc_empty_space][vc_text_separator title=&#8221;Dodatkowe materia\u0142y&#8221;][vc_empty_space]<a href=\"\" target='_blank' style=\"margin: 0px 10px 10px 10px\" class=\"btn btn-theme animated flipInY visible   wystawa-blejkan-wideo\" data-animation=\"flipInY\" data-animation-delay=\"200\">WIDEO<\/a><a href=\"https:\/\/konferencje.inzynieria.com\/cipp2021\/blejkan-zdjecia\/\" target='_blank' style=\"margin: 0px 10px 10px 10px\" class=\"btn btn-theme animated flipInY visible   \" data-animation=\"flipInY\" data-animation-delay=\"200\">GALERIA ZDJ\u0118\u0106<\/a><a href=\"https:\/\/konferencje.inzynieria.com\/cipp2021\/wp-content\/uploads\/2016\/05\/Blejkan_A4_folder_final.pdf\" target='_blank' style=\"margin: 0px 10px 10px 10px\" class=\"btn btn-theme animated flipInY visible   \" data-animation=\"flipInY\" data-animation-delay=\"200\">IN\u017bYNIERIA BUDOWLANA<\/a><a href=\"https:\/\/konferencje.inzynieria.com\/cipp2021\/wp-content\/uploads\/2016\/05\/Blejkan_A4_folder_serwis_final.pdf\" target='_blank' style=\"margin: 0px 10px 10px 10px\" class=\"btn btn-theme animated flipInY visible   \" data-animation=\"flipInY\" data-animation-delay=\"200\">KOMPLEKSOWA US\u0141UGA SERWISOWA<\/a><a href=\"https:\/\/konferencje.inzynieria.com\/cipp2021\/wp-content\/uploads\/2016\/05\/Blejkan_A4_folder_cypr_en_final.pdf\" target='_blank' style=\"margin: 0px 10px 10px 10px\" class=\"btn btn-theme animated flipInY visible   \" data-animation=\"flipInY\" data-animation-delay=\"200\">BEZWYKOPOWA RENOWACJA<\/a>[\/vc_column_inner][vc_column_inner width=&#8221;1\/2&#8243;][vc_column_text]<strong style=\"border-bottom: 3px solid #c9d13d;\">SPONSOR GENERALNY<\/strong><\/p>\n<p><strong>BLEJKAN S.A.<\/strong> to lider w bran\u017cy renowacyjnej w Polsce. Specjalizuje si\u0119 w modernizacji przewod\u00f3w kanalizacyjnych, wodoci\u0105gowych, ci\u015bnieniowych, technologicznych i gazowych.<\/p>\n<p><strong>OFERTA I TECHNOLOGIE<\/strong><br \/>\n&#8211; renowacja r\u0119kawami utwardzanymi na miejscu;<br \/>\n&#8211; renowacja wyk\u0142adzin\u0105 z rur ci\u0105g\u0142ych;<br \/>\n&#8211; renowacja studni i kom\u00f3r rewizyjnych;<br \/>\n&#8211; renowacja wielowymiarowych kolektor\u00f3w ko\u0142owych i nieko\u0142owych.<\/p>\n<p><strong>DOWIEDZ SI\u0118 WI\u0118CEJ<\/strong><br \/>\nWWW: <a href=\"http:\/\/www.blejkan.pl\">www.blejkan.pl<\/a>[\/vc_column_text][\/vc_column_inner][\/vc_row_inner][\/vc_tta_section][vc_tta_section title=&#8221;Gammbud&#8221; tab_id=&#8221;gammbud&#8221;][vc_row_inner][vc_column_inner width=&#8221;1\/2&#8243; offset=&#8221;vc_hidden-md vc_hidden-sm vc_hidden-xs&#8221;][vc_single_image image=&#8221;5488&#8243; img_size=&#8221;full&#8221;][vc_empty_space][vc_text_separator title=&#8221;Dodatkowe materia\u0142y&#8221;][vc_empty_space]<a href=\"https:\/\/konferencje.inzynieria.com\/cipp2021\/wp-content\/uploads\/2016\/05\/wod-kan.jpg\" target='_blank' style=\"margin: 0px 10px 10px 10px\" class=\"btn btn-theme animated flipInY visible   \" data-animation=\"flipInY\" data-animation-delay=\"200\">ASORTYMENT WOD-KAN<\/a><a href=\"https:\/\/konferencje.inzynieria.com\/cipp2021\/wp-content\/uploads\/2016\/05\/cipp.jpg\" target='_blank' style=\"margin: 0px 10px 10px 10px\" class=\"btn btn-theme animated flipInY visible   \" data-animation=\"flipInY\" data-animation-delay=\"200\">TECHNOLOGIA CIPP<\/a><a href=\"https:\/\/konferencje.inzynieria.com\/cipp2021\/gammbud-zdjecia\/\" target='_blank' style=\"margin: 0px 10px 10px 10px\" class=\"btn btn-theme animated flipInY visible   \" data-animation=\"flipInY\" data-animation-delay=\"200\">GALERIA ZDJ\u0118\u0106<\/a>[\/vc_column_inner][vc_column_inner width=&#8221;1\/2&#8243;][vc_column_text]<strong style=\"border-bottom: 3px solid #c9d13d;\">SPONSOR Z\u0141OTY<\/strong><\/p>\n<p>Sp\u00f3\u0142ka\u00a0<strong>Gamm-Bud<\/strong>\u00a0funkcjonuje od 1992 r. Zajmuje si\u0119 przede wszystkim projektowaniem, wykonaniem oraz dostawami sprz\u0119tu dla potrzeb telekomunikacji, elektroenergetyki oraz zak\u0142ad\u00f3w gospodarki wodno-\u015bciekowej, tak\u017ce w charakterze przedstawiciela znanych firm krajowych i zagranicznych. Od 2002 r. zaopatruje firmy wodno-kanalizacyjne w sprz\u0119t do bezwykopowych napraw sieci.<\/p>\n<p><strong>OFERTA I TECHNOLOGIE<\/strong><br \/>\n\u2013 myjki i urz\u0105dzenia do czyszczenia kanalizacji;<br \/>\n\u2013 \u017cywice do nas\u0105czania;<br \/>\n\u2013 r\u0119kawy renowacyjne;<br \/>\n\u2013 rampy do impregnacji.<\/p>\n<p>Dla \u015brodowiska WOD-KAN proponujemy produkty dost\u0119pne pod mark\u0105 Green Dragon Products. Oferta obejmuje: zadymiarki do wykrywania nielegalnych przy\u0142\u0105czy (kana\u0142owa i ZADYMA 003), przyrz\u0105dy do pomiaru szczelno\u015bci kanalizacji PdPS1 zgodnie z norm\u0105 PN-EN1610, urz\u0105dzenia do napraw liniowych CIPP, b\u0119bny inwersyjne, walce kalibruj\u0105ce do r\u0119kaw\u00f3w nas\u0105czanych na budowie, zestawy do renowacji studni kanalizacyjnych w sk\u0142ad kt\u00f3rego wchodzi specjalna g\u0142owica do mycia studni oraz rozrzutnik zaprawy, przyrz\u0105dy do poziomowania w\u0142az\u00f3w kanalizacyjnych. Ciekaw\u0105 pozycj\u0105 jest wycinarka WSK-100 pozwalaj\u0105ca na wycinanie asfaltu wok\u00f3\u0142 studni kanalizacyjnych. Oferujemy te\u017c kraty na studnie, haki do otwierania studni, korki zamykaj\u0105ce i przep\u0142ywowe, kamery inspekcyjne.<\/p>\n<p><strong>DOWIEDZ SI\u0118 WI\u0118CEJ<\/strong><br \/>\nWWW:\u00a0<a href=\"http:\/\/gamm-bud.pl\/\">gamm-bud.pl<\/a>[\/vc_column_text][\/vc_column_inner][\/vc_row_inner][\/vc_tta_section][vc_tta_section title=&#8221;insituform&#8221; tab_id=&#8221;insituform&#8221;][vc_row_inner][vc_column_inner width=&#8221;1\/2&#8243; offset=&#8221;vc_hidden-md vc_hidden-sm vc_hidden-xs&#8221;][vc_single_image image=&#8221;5402&#8243; img_size=&#8221;full&#8221;][\/vc_column_inner][vc_column_inner width=&#8221;1\/2&#8243;][vc_column_text]<strong style=\"border-bottom: 3px solid #c9d13d;\">SPONSOR Z\u0141OTY<\/strong><\/p>\n<p><strong>Insituform Linings, LTD<\/strong> jest \u015bwiatowym liderem w zakresie renowacji ruroci\u0105g\u00f3w przy u\u017cyciu technologii r\u0119kawa (CIPP). Jako wynalazca tej technologii od roku 1971 dostarcza to rozwi\u0105zanie do ponad 80 kraj\u00f3w na sze\u015bciu kontynentach.<\/p>\n<p><strong>OFERTA I TECHNOLOGIE<\/strong><br \/>\n&#8211; CIPP;<br \/>\n&#8211; r\u0119kawy z w\u0142\u00f3kien szklanych (iPlus Glass);<br \/>\n&#8211; Insituform InsituMain\u00ae.<\/p>\n<p><strong>DOWIEDZ SI\u0118 WI\u0118CEJ<\/strong><br \/>\nWWW: <a href=\"http:\/\/www.aegion.com\/about\/our-brands\/insituform\">aegion.com\/about\/our-brands\/insituform<\/a>[\/vc_column_text][\/vc_column_inner][\/vc_row_inner][\/vc_tta_section][vc_tta_section title=&#8221;Inzynieria&#8221; tab_id=&#8221;inzynieria&#8221;][vc_row_inner][vc_column_inner width=&#8221;1\/2&#8243; offset=&#8221;vc_hidden-md vc_hidden-sm vc_hidden-xs&#8221;][vc_single_image image=&#8221;5340&#8243; img_size=&#8221;full&#8221;][\/vc_column_inner][vc_column_inner width=&#8221;1\/2&#8243;][vc_column_text]<strong style=\"border-bottom: 3px solid #c9d13d;\">PATRON MEDIALNY<\/strong><\/p>\n<p>Portal inzynieria.com to bran\u017cowy serwis zawieraj\u0105cy aktualne wiadomo\u015bci, teksty eksperckie, case study, opisy technologii, \u015bwiatowe trendy. Pokazujemy firmy i ludzi z bran\u017c: geoin\u017cynieria, drogi, mosty, tunele, in\u017cynieria bezwykopowa, wod-kan, paliwa, energetyka, budownictwo. Portal udost\u0119pnia unikalne mo\u017cliwo\u015bci tworzenia reklam i content marketingu.<\/p>\n<p><strong>POKA\u017b SI\u0118 W \u015aWIECIE IN\u017bYNIERII<\/strong><br \/>\n&#8211; 350 000 unikalnych u\u017cytkownik\u00f3w miesi\u0119cznie<br \/>\n&#8211; 1 700 000 ods\u0142on miesi\u0119cznie<br \/>\n&#8211; 67 000 fan\u00f3w na portalach spo\u0142eczno\u015bciowych<\/p>\n<p><strong>DOWIEDZ SI\u0118 WI\u0118CEJ<\/strong><br \/>\nWWW <a href=\"https:\/\/inzynieria.com\">inzynieria.com<\/a><br \/>\nFB <a href=\"http:\/\/facebook.com\/inzynieriacom\">\/inzynieriacom<\/a><br \/>\nLi <a href=\"http:\/\/linkedin.com\/company\/wydawnictwo-in\u017cynieria\">\/company\/wydawnictwo-in\u017cynieria<\/a>[\/vc_column_text][\/vc_column_inner][\/vc_row_inner][\/vc_tta_section][vc_tta_section title=&#8221;Mazur&#8221; tab_id=&#8221;mazur&#8221;][vc_row_inner][vc_column_inner width=&#8221;1\/2&#8243; offset=&#8221;vc_hidden-md vc_hidden-sm vc_hidden-xs&#8221;][vc_single_image image=&#8221;5393&#8243; img_size=&#8221;full&#8221;][vc_empty_space][vc_text_separator title=&#8221;Dodatkowe materia\u0142y&#8221;][vc_empty_space]<a href=\"https:\/\/konferencje.inzynieria.com\/cipp2021\/wp-content\/uploads\/2016\/05\/Poliner_Mazur_A4_folder_final.pdf\" target='_blank' style=\"margin: 0px 10px 10px 10px\" class=\"btn btn-theme animated flipInY visible   \" data-animation=\"flipInY\" data-animation-delay=\"200\">PROFESJONALNI PRODUCENCI R\u0118KAW\u00d3W<\/a>[\/vc_column_inner][vc_column_inner width=&#8221;1\/2&#8243;][vc_column_text]<strong style=\"border-bottom: 3px solid #c9d13d;\">SPONSOR Z\u0141OTY<\/strong><\/p>\n<p><strong>MAZUR Sp.z o.o.<\/strong> zajmuje si\u0119 renowacj\u0105 sieci kanalizacyjnych metod\u0105 bezwykopow\u0105 w technologii \u201eutwardzanego r\u0119kawa&#8221;. Celem firmy jest utrzymanie wysokiej jako\u015bci \u015bwiadczonych us\u0142ug przy jednoczesnym respektowaniem zasad ochrony \u015brodowiska.<\/p>\n<p><strong>OFERTA I TECHNOLOGIE<\/strong><br \/>\n&#8211; bezwykopowa renowacja sieci kanalizacyjnych<br \/>\n&#8211; czyszczenie hydrodynamiczne<br \/>\n&#8211; inspekcja TV<br \/>\n&#8211; naprawy punktowe<\/p>\n<p><strong>DOWIEDZ SI\u0118 WI\u0118CEJ<\/strong><br \/>\nWWW:\u00a0<a href=\"http:\/\/www.mazur-swiecie.com.pl\/\">www.mazur-swiecie.com.pl<\/a>[\/vc_column_text][\/vc_column_inner][\/vc_row_inner][\/vc_tta_section][vc_tta_section title=&#8221;Poliner&#8221; tab_id=&#8221;poliner&#8221;][vc_row_inner][vc_column_inner width=&#8221;1\/2&#8243; offset=&#8221;vc_hidden-md vc_hidden-sm vc_hidden-xs&#8221;][vc_single_image image=&#8221;5392&#8243; img_size=&#8221;full&#8221;][vc_empty_space][vc_text_separator title=&#8221;Dodatkowe materia\u0142y&#8221;][vc_empty_space]<a href=\"https:\/\/konferencje.inzynieria.com\/cipp2021\/wp-content\/uploads\/2016\/05\/Poliner_Mazur_A4_folder_final.pdf\" target='_blank' style=\"margin: 0px 10px 10px 10px\" class=\"btn btn-theme animated flipInY visible   \" data-animation=\"flipInY\" data-animation-delay=\"200\">PROFESJONALNI PRODUCENCI R\u0118KAW\u00d3W<\/a>[\/vc_column_inner][vc_column_inner width=&#8221;1\/2&#8243;][vc_column_text]<strong style=\"border-bottom: 3px solid #c9d13d;\">SPONSOR Z\u0141OTY<\/strong><\/p>\n<p>Firma\u00a0<strong>POliner<\/strong>\u00a0prowadzi dzia\u0142alno\u015b\u0107 w zakresie wdra\u017cania nowych technologii oraz wykonywania produkt\u00f3w kompozytowych dla bran\u017cy renowacji ruroci\u0105g\u00f3w metodami bezwykopowymi. Zajmuje si\u0119 r\u00f3wnie\u017c nas\u0105czaniem r\u0119kaw\u00f3w filcowych oraz kompozytowych mieszankami \u017cywicznymi.<\/p>\n<p><strong>OFERTA I TECHNOLOGIE<\/strong><br \/>\n\u2013 r\u0119kawy CIPP;<br \/>\n\u2013 inspekcja TV sieci kanalizacyjnych;<br \/>\n\u2013 bezwykopowa renowacja sieci kanalizacyjnych;<br \/>\n\u2013 kapy jeansowe.<\/p>\n<p><strong>DOWIEDZ SI\u0118 WI\u0118CEJ<\/strong><br \/>\nWWW:\u00a0<a href=\"http:\/\/poliner.eu\/\">poliner.eu<\/a>[\/vc_column_text][\/vc_column_inner][\/vc_row_inner][\/vc_tta_section][vc_tta_section title=&#8221;quality-studio&#8221; tab_id=&#8221;quality-studio&#8221;][vc_row_inner][vc_column_inner width=&#8221;1\/2&#8243; offset=&#8221;vc_hidden-md vc_hidden-sm vc_hidden-xs&#8221;][vc_single_image image=&#8221;5339&#8243; img_size=&#8221;full&#8221;][vc_empty_space]<a href=\"https:\/\/quality-studio.com\/portfolio\/\" target='_blank' style=\"margin: 0px 10px 10px 10px\" class=\"btn btn-theme animated flipInY visible   \" data-animation=\"flipInY\" data-animation-delay=\"200\">PORTFOLIO<\/a><a href=\"https:\/\/quality-studio.com\/oferta\/vr\/\" target='_blank' style=\"margin: 0px 10px 10px 10px\" class=\"btn btn-theme animated flipInY visible   \" data-animation=\"flipInY\" data-animation-delay=\"200\">FILMY VR<\/a><a href=\"https:\/\/quality-studio.com\/oferta\/dron\/\" target='_blank' style=\"margin: 0px 10px 10px 10px\" class=\"btn btn-theme animated flipInY visible   \" data-animation=\"flipInY\" data-animation-delay=\"200\">ZDJ\u0118CIA I VIDEO DRONEM<\/a><a href=\"https:\/\/quality-studio.com\/oferta\/realizacja-wydarzen-online\/\" target='_blank' style=\"margin: 0px 10px 10px 10px\" class=\"btn btn-theme animated flipInY visible   \" data-animation=\"flipInY\" data-animation-delay=\"200\">REALIZACJA WYDARZE\u0143 ONLINE<\/a>[\/vc_column_inner][vc_column_inner width=&#8221;1\/2&#8243;][vc_column_text]<strong style=\"border-bottom: 3px solid #c9d13d;\">PARTNER<\/strong><\/p>\n<p>Wsp\u00f3\u0142tworzymy polsk\u0105 bran\u017c\u0119 wirtualnej rzeczywisto\u015bci. Specjalizujemy si\u0119 w obs\u0142udze firm z bran\u017cy in\u017cynieryjnej. Wiemy jak pokaza\u0107 trudne inwestycje i przybli\u017cy\u0107 ich znaczenie odbiorcom. Pomagamy wykorzysta\u0107 VR i film w promocji firmy. Stosuj\u0105c innowacyjne narz\u0119dzia marketingowe pokazujemy firm\u0119 z innej strony i docieramy z ofert\u0105 do najbardziej wymagaj\u0105cych klient\u00f3w.<\/p>\n<p><strong>OFERTA<\/strong><br \/>\n&#8211; foto<br \/>\n&#8211; video<br \/>\n&#8211; dron<br \/>\n&#8211; VR<\/p>\n<p><strong>DOWIEDZ SI\u0118 WI\u0118CEJ<\/strong><br \/>\nWWW <a href=\"https:\/\/quality-studio.com\">quality-studio.com<\/a><br \/>\nFB <a href=\"http:\/\/facebook.com\/QualityStudio\">\/QualityStudio<\/a>[\/vc_column_text][\/vc_column_inner][\/vc_row_inner][\/vc_tta_section][vc_tta_section title=&#8221;Relineeurope&#8221; tab_id=&#8221;relineeurope&#8221;][vc_row_inner][vc_column_inner width=&#8221;1\/2&#8243; offset=&#8221;vc_hidden-md vc_hidden-sm vc_hidden-xs&#8221;][vc_single_image image=&#8221;5460&#8243; img_size=&#8221;full&#8221;][vc_empty_space][vc_text_separator title=&#8221;Dodatkowe materia\u0142y&#8221;][vc_empty_space]<a href=\"\" target='_blank' style=\"margin: 0px 10px 10px 10px\" class=\"btn btn-theme animated flipInY visible   wystawa-reline-wideo\" data-animation=\"flipInY\" data-animation-delay=\"200\">WIDEO<\/a><a href=\"https:\/\/konferencje.inzynieria.com\/cipp2021\/wp-content\/uploads\/2016\/05\/RELBrAlphaliner_pl.pdf\" target='_blank' style=\"margin: 0px 10px 10px 10px\" class=\"btn btn-theme animated flipInY visible   \" data-animation=\"flipInY\" data-animation-delay=\"200\">ALPHALINER<\/a><a href=\"https:\/\/konferencje.inzynieria.com\/cipp2021\/wp-content\/uploads\/2016\/05\/REL-BrEquipment_en_30nov20.pdf\" target='_blank' style=\"margin: 0px 10px 10px 10px\" class=\"btn btn-theme animated flipInY visible   \" data-animation=\"flipInY\" data-animation-delay=\"200\">UV Curing Systems<\/a>[\/vc_column_inner][vc_column_inner width=&#8221;1\/2&#8243;][vc_column_text]<strong style=\"border-bottom: 3px solid #c9d13d;\">SPONSOR Z\u0141OTY<\/strong><\/p>\n<p><strong>RELINEEUROPE AG<\/strong>\u00a0to lider w produkcji utwardzanych \u015bwiat\u0142em system\u00f3w r\u0119kaw\u00f3w renowacyjnych z tworzywa sztucznego, wzmocnionego w\u0142\u00f3knem szklanym. Ponadto konstruuje i produkuje urz\u0105dzenia do utwardzania promieniami UV, a tak\u017ce kompletny sprz\u0119t pomocniczy.<\/p>\n<p><strong>DOWIEDZ SI\u0118 WI\u0118CEJ<\/strong><br \/>\nWWW: <a href=\"https:\/\/www.relineuvgroup.com\/reline-uv-group\/en\/\">www.relineuvgroup.com\/reline-uv-group\/en\/<\/a>[\/vc_column_text][\/vc_column_inner][\/vc_row_inner][\/vc_tta_section][\/vc_tta_tabs][\/vc_column][\/vc_row]<\/p>\n","protected":false},"excerpt":{"rendered":"<p>ZAPLANUJ SW\u00d3J UDZIA\u0141 W WYDARZENIU ZOBACZ Z KIM MO\u017bESZ SI\u0118 SPOTKA\u0106 I O CZYM POROZMAWIA\u0106<\/p>\n","protected":false},"author":1,"featured_media":0,"parent":0,"menu_order":15,"comment_status":"closed","ping_status":"closed","template":"","meta":{"_links_to":"","_links_to_target":""},"categories":[],"tags":[],"_links":{"self":[{"href":"https:\/\/konferencje.inzynieria.com\/cipp2021\/wp-json\/wp\/v2\/pages\/5190"}],"collection":[{"href":"https:\/\/konferencje.inzynieria.com\/cipp2021\/wp-json\/wp\/v2\/pages"}],"about":[{"href":"https:\/\/konferencje.inzynieria.com\/cipp2021\/wp-json\/wp\/v2\/types\/page"}],"author":[{"embeddable":true,"href":"https:\/\/konferencje.inzynieria.com\/cipp2021\/wp-json\/wp\/v2\/users\/1"}],"replies":[{"embeddable":true,"href":"https:\/\/konferencje.inzynieria.com\/cipp2021\/wp-json\/wp\/v2\/comments?post=5190"}],"version-history":[{"count":36,"href":"https:\/\/konferencje.inzynieria.com\/cipp2021\/wp-json\/wp\/v2\/pages\/5190\/revisions"}],"predecessor-version":[{"id":5630,"href":"https:\/\/konferencje.inzynieria.com\/cipp2021\/wp-json\/wp\/v2\/pages\/5190\/revisions\/5630"}],"wp:attachment":[{"href":"https:\/\/konferencje.inzynieria.com\/cipp2021\/wp-json\/wp\/v2\/media?parent=5190"}],"wp:term":[{"taxonomy":"category","embeddable":true,"href":"https:\/\/konferencje.inzynieria.com\/cipp2021\/wp-json\/wp\/v2\/categories?post=5190"},{"taxonomy":"post_tag","embeddable":true,"href":"https:\/\/konferencje.inzynieria.com\/cipp2021\/wp-json\/wp\/v2\/tags?post=5190"}],"curies":[{"name":"wp","href":"https:\/\/api.w.org\/{rel}","templated":true}]}}