{"id":2219,"date":"2022-05-13T12:26:15","date_gmt":"2022-05-13T12:26:15","guid":{"rendered":"https:\/\/konferencje.inzynieria.com\/bb2026\/?page_id=2219"},"modified":"2026-02-11T10:11:58","modified_gmt":"2026-02-11T09:11:58","slug":"hotele","status":"publish","type":"page","link":"https:\/\/konferencje.inzynieria.com\/bb2026\/hotele\/","title":{"rendered":"Hotele"},"content":{"rendered":"<p>[et_pb_section fb_built=&#8221;1&#8243; custom_padding_last_edited=&#8221;on|phone&#8221; module_class=&#8221;bg-grad-rb&#8221; _builder_version=&#8221;4.21.2&#8243; background_enable_image=&#8221;off&#8221; custom_padding=&#8221;70px||70px||false|false&#8221; custom_padding_tablet=&#8221;175px||75px||false|false&#8221; custom_padding_phone=&#8221;150px||50px||false|false&#8221; bottom_divider_flip=&#8221;horizontal&#8221; bottom_divider_height_tablet=&#8221;75px&#8221; bottom_divider_height_phone=&#8221;50px&#8221; bottom_divider_height_last_edited=&#8221;on|desktop&#8221; global_colors_info=&#8221;{}&#8221;][et_pb_row _builder_version=&#8221;4.16&#8243; width=&#8221;50%&#8221; width_tablet=&#8221;80%&#8221; width_phone=&#8221;&#8221; width_last_edited=&#8221;on|desktop&#8221; global_colors_info=&#8221;{}&#8221;][et_pb_column type=&#8221;4_4&#8243; _builder_version=&#8221;4.16&#8243; global_colors_info=&#8221;{}&#8221;][et_pb_text _builder_version=&#8221;4.17.3&#8243; text_orientation=&#8221;center&#8221; background_layout=&#8221;dark&#8221; custom_margin=&#8221;||5px||false|false&#8221; hover_enabled=&#8221;0&#8243; global_colors_info=&#8221;{}&#8221; sticky_enabled=&#8221;0&#8243;]<\/p>\n<h1>Hotele<\/h1>\n<p>[\/et_pb_text][\/et_pb_column][\/et_pb_row][\/et_pb_section][et_pb_section fb_built=&#8221;1&#8243; module_class=&#8221;podstrona-hotel&#8221; _builder_version=&#8221;4.21.2&#8243; parallax=&#8221;on&#8221; global_colors_info=&#8221;{}&#8221;][et_pb_row disabled_on=&#8221;on|on|on&#8221; _builder_version=&#8221;4.21.2&#8243; _module_preset=&#8221;default&#8221; disabled=&#8221;on&#8221; global_colors_info=&#8221;{}&#8221;][et_pb_column type=&#8221;4_4&#8243; _builder_version=&#8221;4.17.3&#8243; _module_preset=&#8221;default&#8221; global_colors_info=&#8221;{}&#8221;][et_pb_text _builder_version=&#8221;4.21.2&#8243; _module_preset=&#8221;default&#8221; text_font_size=&#8221;18px&#8221; text_line_height=&#8221;2em&#8221; global_colors_info=&#8221;{}&#8221;]<\/p>\n<p>\u017beby skorzysta\u0107 z zakwaterowania w hotelach w prezentowanych cenach, podczas rezerwacji nale\u017cy poda\u0107 has\u0142o <strong>IN\u017bYNIERIA<\/strong><\/p>\n<p>[\/et_pb_text][\/et_pb_column][\/et_pb_row][et_pb_row column_structure=&#8221;1_2,1_2&#8243; use_custom_gutter=&#8221;on&#8221; gutter_width=&#8221;4&#8243; make_equal=&#8221;on&#8221; disabled_on=&#8221;off|off|off&#8221; _builder_version=&#8221;4.22.1&#8243; locked=&#8221;off&#8221; global_colors_info=&#8221;{}&#8221;][et_pb_column type=&#8221;1_2&#8243; _builder_version=&#8221;4.17.3&#8243; background_color=&#8221;#FFFFFF&#8221; border_radii=&#8221;on|10px|10px|10px|10px&#8221; box_shadow_style=&#8221;preset1&#8243; box_shadow_spread=&#8221;-5px&#8221; global_colors_info=&#8221;{}&#8221;][et_pb_gallery gallery_ids=&#8221;9389,9387,9391,9388,9390&#8243; fullwidth=&#8221;on&#8221; module_class=&#8221;galeria-hotele&#8221; _builder_version=&#8221;4.21.2&#8243; _module_preset=&#8221;default&#8221; custom_margin=&#8221;||12px|||&#8221; global_colors_info=&#8221;{}&#8221;][\/et_pb_gallery][et_pb_text _builder_version=&#8221;4.21.2&#8243; _module_preset=&#8221;default&#8221; header_3_font_size=&#8221;20px&#8221; custom_margin=&#8221;6px|||||&#8221; custom_padding=&#8221;16px|16px|16px|16px|false|false&#8221; hover_enabled=&#8221;0&#8243; global_colors_info=&#8221;{}&#8221; sticky_enabled=&#8221;0&#8243;]<\/p>\n<h3 style=\"margin-bottom: 24px;\">HOTEL AMBASADOR<br \/>PREMIUM****<\/h3>\n<p>ul. Kili\u0144skiego 145, 90-315 \u0141\u00f3d\u017a<br \/><strong>MIEJSCE KONFERENCJI<\/strong><br \/><a href=\"https:\/\/www.hotelambasador.eu\/premium\/\" target=\"_blank\" rel=\"noopener\">hotelambasador.eu<\/a><\/p>\n<p><strong><span style=\"color: #e74826;\">PROSIMY O INDYWIDUALNE REZERWACJE DROG\u0104 MAILOW\u0104: premium@hotelambasador.pl<br \/><\/span><\/strong><\/p>\n<p>Po podaniu has\u0142a: <strong><span style=\"color: #e74826;\">IN\u017bYNIERIA<\/span><\/strong> otrzymaj\u0105 Pa\u0144stwo <strong>7% rabatu<\/strong> od cen pokoi podanych na stronie danego hotelu.<\/p>\n<p>Organizator nie gwarantuje dost\u0119pno\u015bci pokoi hotelowych.<\/p>\n<p>[\/et_pb_text][\/et_pb_column][et_pb_column type=&#8221;1_2&#8243; disabled_on=&#8221;off|off|off&#8221; _builder_version=&#8221;4.17.3&#8243; background_color=&#8221;#FFFFFF&#8221; border_radii=&#8221;on|10px|10px|10px|10px&#8221; box_shadow_style=&#8221;preset1&#8243; box_shadow_spread=&#8221;-5px&#8221; global_colors_info=&#8221;{}&#8221;][et_pb_gallery gallery_ids=&#8221;9397,9394,9393,9395&#8243; fullwidth=&#8221;on&#8221; module_class=&#8221;galeria-hotele&#8221; _builder_version=&#8221;4.21.2&#8243; _module_preset=&#8221;default&#8221; custom_margin=&#8221;||12px|||&#8221; global_colors_info=&#8221;{}&#8221;][\/et_pb_gallery][et_pb_text _builder_version=&#8221;4.21.2&#8243; _module_preset=&#8221;default&#8221; header_3_font_size=&#8221;20px&#8221; custom_margin=&#8221;6px|||||&#8221; custom_padding=&#8221;16px|16px|16px|16px|false|false&#8221; hover_enabled=&#8221;0&#8243; global_colors_info=&#8221;{}&#8221; sticky_enabled=&#8221;0&#8243;]<\/p>\n<h3 style=\"margin-bottom: 24px;\">HOTEL AMBASADOR<br \/>CENTRUM****<\/h3>\n<p>Al. Pi\u0142sudskiego 29, 90-307 \u0141\u00f3d\u017a<br \/><strong>W TYM SAMYM KOMPLEKSIE<\/strong><br \/><a href=\"https:\/\/www.hotelambasador.eu\/centrum\/hotel\/\" target=\"_blank\" rel=\"noopener\">hotelambasador.eu<\/a><\/p>\n<p><strong><span style=\"color: #e74826;\">PROSIMY O INDYWIDUALNE REZERWACJE DROG\u0104 MAILOW\u0104: centrum@hotelambasador.pl<br \/><\/span><\/strong><\/p>\n<p>Po podaniu has\u0142a: <strong><span style=\"color: #e74826;\">IN\u017bYNIERIA<\/span><\/strong> otrzymaj\u0105 Pa\u0144stwo<strong> 7% rabatu<\/strong> od cen pokoi podanych na stronie danego hotelu.<\/p>\n<p>Organizator nie gwarantuje dost\u0119pno\u015bci pokoi hotelowych.<\/p>\n<p>[\/et_pb_text][\/et_pb_column][\/et_pb_row][\/et_pb_section]<\/p>\n","protected":false},"excerpt":{"rendered":"<p>Hotele\u017beby skorzysta\u0107 z zakwaterowania w hotelach w prezentowanych cenach, podczas rezerwacji nale\u017cy poda\u0107 has\u0142o IN\u017bYNIERIAHOTEL AMBASADORPREMIUM**** ul. Kili\u0144skiego 145, 90-315 \u0141\u00f3d\u017aMIEJSCE KONFERENCJIhotelambasador.eu PROSIMY O INDYWIDUALNE REZERWACJE DROG\u0104 MAILOW\u0104: premium@hotelambasador.pl Po podaniu has\u0142a: IN\u017bYNIERIA otrzymaj\u0105 Pa\u0144stwo 7% rabatu od cen pokoi podanych na stronie danego hotelu. Organizator nie gwarantuje dost\u0119pno\u015bci pokoi hotelowych.HOTEL AMBASADORCENTRUM**** Al. Pi\u0142sudskiego 29, [&hellip;]<\/p>\n","protected":false},"author":1,"featured_media":0,"parent":0,"menu_order":6,"comment_status":"closed","ping_status":"closed","template":"","meta":{"_et_pb_use_builder":"on","_et_pb_old_content":"<!-- wp:divi\/placeholder \/-->","_et_gb_content_width":"","om_disable_all_campaigns":false,"inline_featured_image":false,"_mi_skip_tracking":false,"_monsterinsights_sitenote_active":false,"_monsterinsights_sitenote_note":"","_monsterinsights_sitenote_category":0},"acf":[],"aioseo_notices":[],"_links":{"self":[{"href":"https:\/\/konferencje.inzynieria.com\/bb2026\/wp-json\/wp\/v2\/pages\/2219"}],"collection":[{"href":"https:\/\/konferencje.inzynieria.com\/bb2026\/wp-json\/wp\/v2\/pages"}],"about":[{"href":"https:\/\/konferencje.inzynieria.com\/bb2026\/wp-json\/wp\/v2\/types\/page"}],"author":[{"embeddable":true,"href":"https:\/\/konferencje.inzynieria.com\/bb2026\/wp-json\/wp\/v2\/users\/1"}],"replies":[{"embeddable":true,"href":"https:\/\/konferencje.inzynieria.com\/bb2026\/wp-json\/wp\/v2\/comments?post=2219"}],"version-history":[{"count":4,"href":"https:\/\/konferencje.inzynieria.com\/bb2026\/wp-json\/wp\/v2\/pages\/2219\/revisions"}],"predecessor-version":[{"id":9581,"href":"https:\/\/konferencje.inzynieria.com\/bb2026\/wp-json\/wp\/v2\/pages\/2219\/revisions\/9581"}],"wp:attachment":[{"href":"https:\/\/konferencje.inzynieria.com\/bb2026\/wp-json\/wp\/v2\/media?parent=2219"}],"curies":[{"name":"wp","href":"https:\/\/api.w.org\/{rel}","templated":true}]}}