{"id":2219,"date":"2022-05-13T12:26:15","date_gmt":"2022-05-13T12:26:15","guid":{"rendered":"https:\/\/konferencje.inzynieria.com\/bb2025\/?page_id=2219"},"modified":"2025-02-25T16:34:42","modified_gmt":"2025-02-25T15:34:42","slug":"hotele","status":"publish","type":"page","link":"https:\/\/konferencje.inzynieria.com\/bb2025\/hotele\/","title":{"rendered":"Hotele"},"content":{"rendered":"<p>[et_pb_section fb_built=&#8221;1&#8243; custom_padding_last_edited=&#8221;on|phone&#8221; _builder_version=&#8221;4.21.2&#8243; background_image=&#8221;https:\/\/konferencje.inzynieria.com\/bb2025\/wp-content\/uploads\/2024\/01\/hotel_zamek-2.jpg&#8221; custom_padding=&#8221;70px||70px||false|false&#8221; custom_padding_tablet=&#8221;175px||75px||false|false&#8221; custom_padding_phone=&#8221;150px||50px||false|false&#8221; bottom_divider_flip=&#8221;horizontal&#8221; bottom_divider_height_tablet=&#8221;75px&#8221; bottom_divider_height_phone=&#8221;50px&#8221; bottom_divider_height_last_edited=&#8221;on|desktop&#8221; global_colors_info=&#8221;{}&#8221;][et_pb_row _builder_version=&#8221;4.16&#8243; width=&#8221;50%&#8221; width_tablet=&#8221;80%&#8221; width_phone=&#8221;&#8221; width_last_edited=&#8221;on|desktop&#8221; global_colors_info=&#8221;{}&#8221;][et_pb_column type=&#8221;4_4&#8243; _builder_version=&#8221;4.16&#8243; global_colors_info=&#8221;{}&#8221;][et_pb_text _builder_version=&#8221;4.17.3&#8243; text_orientation=&#8221;center&#8221; background_layout=&#8221;dark&#8221; custom_margin=&#8221;||5px||false|false&#8221; global_colors_info=&#8221;{}&#8221;]<\/p>\n<h1>Hotele<\/h1>\n<p>[\/et_pb_text][\/et_pb_column][\/et_pb_row][\/et_pb_section][et_pb_section fb_built=&#8221;1&#8243; module_class=&#8221;podstrona-hotel&#8221; _builder_version=&#8221;4.21.2&#8243; parallax=&#8221;on&#8221; global_colors_info=&#8221;{}&#8221;][et_pb_row _builder_version=&#8221;4.17.3&#8243; _module_preset=&#8221;default&#8221; global_colors_info=&#8221;{}&#8221;][et_pb_column type=&#8221;4_4&#8243; _builder_version=&#8221;4.17.3&#8243; _module_preset=&#8221;default&#8221; global_colors_info=&#8221;{}&#8221;][et_pb_text _builder_version=&#8221;4.21.2&#8243; _module_preset=&#8221;default&#8221; text_font_size=&#8221;18px&#8221; text_line_height=&#8221;2em&#8221; global_colors_info=&#8221;{}&#8221;]<\/p>\n<p style=\"text-align: center;\">W\u00a0<strong>Hotelu Forest<\/strong>\u00a0odbywa\u0107 si\u0119 b\u0119d\u0105 prelekcje, tam te\u017c zapraszamy na wystaw\u0119 oraz obiady.<br \/>\nNatomiast kolacja odb\u0119dzie si\u0119 w <strong>Zinar Castle<\/strong>. Obiekty s\u0105 od siebie oddalone zaledwie o 190 m.<\/p>\n<p>[\/et_pb_text][\/et_pb_column][\/et_pb_row][et_pb_row column_structure=&#8221;1_2,1_2&#8243; use_custom_gutter=&#8221;on&#8221; gutter_width=&#8221;4&#8243; make_equal=&#8221;on&#8221; disabled_on=&#8221;off|off|off&#8221; _builder_version=&#8221;4.21.2&#8243; global_colors_info=&#8221;{}&#8221;][et_pb_column type=&#8221;1_2&#8243; _builder_version=&#8221;4.17.3&#8243; background_enable_color=&#8221;off&#8221; border_radii=&#8221;on|10px|10px|10px|10px&#8221; box_shadow_style=&#8221;preset1&#8243; box_shadow_spread=&#8221;-5px&#8221; global_colors_info=&#8221;{}&#8221;][et_pb_gallery gallery_ids=&#8221;8283,6790,8241,6791,6792,8242&#8243; fullwidth=&#8221;on&#8221; disabled_on=&#8221;off|off|off&#8221; module_class=&#8221;galeria-hotele&#8221; _builder_version=&#8221;4.21.2&#8243; _module_preset=&#8221;default&#8221; custom_margin=&#8221;||12px|||&#8221; global_colors_info=&#8221;{}&#8221;][\/et_pb_gallery][et_pb_text _builder_version=&#8221;4.21.2&#8243; _module_preset=&#8221;default&#8221; header_3_font_size=&#8221;20px&#8221; background_color=&#8221;#FFFFFF&#8221; custom_margin=&#8221;6px|||||&#8221; custom_padding=&#8221;16px|16px|16px|16px|false|false&#8221; global_colors_info=&#8221;{}&#8221;]<\/p>\n<h3>FOREST HOTEL<\/h3>\n<p>Jod\u0142owa 13, 30-251 Krak\u00f3w<br \/>\n<a href=\"https:\/\/www.foresthotel.pl\/\" target=\"_blank\" rel=\"noopener\">www.foresthotel.pl<\/a><br \/>\n<a href=\"tel:+48 12 429 71 15\" rel=\"noopener noreferrer\" target=\"_blank\">+48 12 429 71 15<\/a><br \/>\n<a href=\"tel:+48 12 429 71 15\" rel=\"noopener noreferrer\" target=\"_blank\">+48 798 667 722<\/a><br \/>\n<a href=\"mailto:recepcja@foresthotel.pl\">recepcja@foresthotel.pl<\/a><\/p>\n<p><a href=\"https:\/\/maps.app.goo.gl\/PYKC6ga55BH88eud6\" target=\"_blank\" rel=\"noopener\"><\/a><a href=\"https:\/\/maps.app.goo.gl\/PYKC6ga55BH88eud6\" target=\"_blank\" rel=\"noopener\">Zobacz na mapie<\/a><\/p>\n<p>Pok\u00f3j jednoosobowy: 389 z\u0142 brutto<br \/>\nPok\u00f3j dwuosobowy: 449 z\u0142 brutto<\/p>\n<p>Cena obejmuje \u015bniadanie<\/p>\n<p><strong>W celu rezerwacji prosimy o kontakt z hotelem podaj\u0105c has\u0142o &#8222;BEZWYKOPOWA BUDOWA&#8221; lub \u201eIN\u017bYNIERIA\u201d<\/strong><\/p>\n<p><strong>LUB<\/strong><\/p>\n<p>poprzez stron\u0119 hotelu <a href=\"https:\/\/www.foresthotel.pl\/\" target=\"_blank\" rel=\"noopener\">www.foresthotel.pl<\/a>[\/et_pb_text][\/et_pb_column][et_pb_column type=&#8221;1_2&#8243; _builder_version=&#8221;4.17.3&#8243; border_radii=&#8221;on|10px|10px|10px|10px&#8221; box_shadow_style=&#8221;preset1&#8243; box_shadow_spread=&#8221;-5px&#8221; global_colors_info=&#8221;{}&#8221;][et_pb_gallery gallery_ids=&#8221;8284,8243,8244,8245,6795,6797,6796&#8243; fullwidth=&#8221;on&#8221; module_class=&#8221;galeria-hotele&#8221; _builder_version=&#8221;4.21.2&#8243; _module_preset=&#8221;default&#8221; custom_margin=&#8221;||12px|||&#8221; global_colors_info=&#8221;{}&#8221;][\/et_pb_gallery][et_pb_text _builder_version=&#8221;4.21.2&#8243; _module_preset=&#8221;default&#8221; header_3_font_size=&#8221;20px&#8221; custom_margin=&#8221;6px|||||&#8221; custom_padding=&#8221;16px|16px|16px|16px|false|false&#8221; global_colors_info=&#8221;{}&#8221;]<\/p>\n<h3>ZINAR CASTLE<\/h3>\n<p>Jod\u0142owa 13, 30-251, Krak\u00f3w<br \/><a href=\"https:\/\/www.zinarcastle.pl\/\" target=\"_blank\" rel=\"noopener\">www.zinarcastle.pl<\/a><br \/><a href=\"tel:+48%20509 322 223\">+48 509 322 223<\/a><br \/><a href=\"mailto:recepcja@zinarcastle.pl\">recepcja@zinarcastle.pl<\/a><\/p>\n<p><a href=\"https:\/\/maps.app.goo.gl\/iNLJKYfqo88XBmTD6\" target=\"_blank\" rel=\"noopener\">Zobacz na mapie<\/a><\/p>\n<p>Pok\u00f3j jednoosobowy: 449 z\u0142 brutto<br \/>Pok\u00f3j dwuosobowy: 549z\u0142 brutto<\/p>\n<p>Cena obejmuje \u015bniadanie<\/p>\n<p><strong>W celu rezerwacji prosimy o kontakt z hotelem podaj\u0105c has\u0142o &#8222;BEZWYKOPOWA BUDOWA&#8221; lub \u201eIN\u017bYNIERIA\u201d<\/strong><\/p>\n<p><strong>LUB<\/strong><\/p>\n<p>poprzez stron\u0119 hotelu <a href=\"https:\/\/www.zinarcastle.pl\/\" target=\"_blank\" rel=\"noopener\">www.zinarcastle.pl<\/a><\/p>\n<p>[\/et_pb_text][\/et_pb_column][\/et_pb_row][et_pb_row _builder_version=&#8221;4.17.3&#8243; _module_preset=&#8221;default&#8221; global_colors_info=&#8221;{}&#8221;][et_pb_column type=&#8221;4_4&#8243; _builder_version=&#8221;4.17.3&#8243; _module_preset=&#8221;default&#8221; global_colors_info=&#8221;{}&#8221;][et_pb_text _builder_version=&#8221;4.21.2&#8243; _module_preset=&#8221;default&#8221; text_font_size=&#8221;18px&#8221; text_line_height=&#8221;2em&#8221; global_colors_info=&#8221;{}&#8221;]<\/p>\n<h4>Szanowni Pa\u0144stwo, w przypadku braku dost\u0119pno\u015bci w ww. hotelach poni\u017cej znajdziecie Pa\u0144stwo inne znajduj\u0105ce si\u0119 w okolicy. Niestety nie jeste\u015bmy wstanie zapewni\u0107 z nich \u015brodk\u00f3w transportu. Jednak\u017ce sugerujemy skorzystanie z \u015brodk\u00f3w komunikacji miejskiej, czy te\u017c taxi, a poni\u017cej znajduj\u0105 si\u0119 aplikacje, kt\u00f3re u\u0142atwi\u0105 Pa\u0144stwu skorzystanie z nich.<\/h4>\n<p>[\/et_pb_text][\/et_pb_column][\/et_pb_row][et_pb_row column_structure=&#8221;1_4,1_4,1_4,1_4&#8243; use_custom_gutter=&#8221;on&#8221; gutter_width=&#8221;4&#8243; make_equal=&#8221;on&#8221; disabled_on=&#8221;off|off|off&#8221; _builder_version=&#8221;4.21.2&#8243; global_colors_info=&#8221;{}&#8221;][et_pb_column type=&#8221;1_4&#8243; _builder_version=&#8221;4.21.2&#8243; background_enable_color=&#8221;off&#8221; global_colors_info=&#8221;{}&#8221;][et_pb_image src=&#8221;https:\/\/konferencje.inzynieria.com\/bb2025\/wp-content\/uploads\/2025\/02\/jakdojade.webp&#8221; title_text=&#8221;jakdojade&#8221; _builder_version=&#8221;4.21.2&#8243; _module_preset=&#8221;default&#8221; custom_margin=&#8221;||0px||false|false&#8221; custom_padding=&#8221;|50px|0px|50px|false|false&#8221; global_colors_info=&#8221;{}&#8221;][\/et_pb_image][et_pb_image src=&#8221;https:\/\/konferencje.inzynieria.com\/bb2025\/wp-content\/uploads\/2025\/02\/jak-dojade-qr.webp&#8221; title_text=&#8221;jak-dojade-qr&#8221; align=&#8221;center&#8221; _builder_version=&#8221;4.21.2&#8243; _module_preset=&#8221;default&#8221; max_width=&#8221;40%&#8221; custom_margin=&#8221;||15px||false|false&#8221; global_colors_info=&#8221;{}&#8221;][\/et_pb_image][et_pb_button button_url=&#8221;https:\/\/company.jakdojade.pl\/o-aplikacji\/&#8221; url_new_window=&#8221;on&#8221; button_text=&#8221;Pobierz&#8221; button_alignment=&#8221;center&#8221; _builder_version=&#8221;4.21.2&#8243; _module_preset=&#8221;default&#8221; global_colors_info=&#8221;{}&#8221;][\/et_pb_button][\/et_pb_column][et_pb_column type=&#8221;1_4&#8243; _builder_version=&#8221;4.21.2&#8243; global_colors_info=&#8221;{}&#8221;][et_pb_image src=&#8221;https:\/\/konferencje.inzynieria.com\/bb2025\/wp-content\/uploads\/2025\/02\/bolt.webp&#8221; title_text=&#8221;bolt&#8221; _builder_version=&#8221;4.21.2&#8243; _module_preset=&#8221;default&#8221; custom_margin=&#8221;||0px||false|false&#8221; custom_padding=&#8221;|50px|0px|50px|false|false&#8221; global_colors_info=&#8221;{}&#8221;][\/et_pb_image][et_pb_image src=&#8221;https:\/\/konferencje.inzynieria.com\/bb2025\/wp-content\/uploads\/2025\/02\/qrcode.webp&#8221; title_text=&#8221;qrcode&#8221; align=&#8221;center&#8221; _builder_version=&#8221;4.21.2&#8243; _module_preset=&#8221;default&#8221; max_width=&#8221;40%&#8221; custom_margin=&#8221;||15px||false|false&#8221; global_colors_info=&#8221;{}&#8221;][\/et_pb_image][et_pb_button button_url=&#8221;https:\/\/bolt.eu\/pl-pl\/support\/articles\/115003024753\/&#8221; url_new_window=&#8221;on&#8221; button_text=&#8221;Pobierz&#8221; button_alignment=&#8221;center&#8221; _builder_version=&#8221;4.21.2&#8243; _module_preset=&#8221;default&#8221; global_colors_info=&#8221;{}&#8221;][\/et_pb_button][\/et_pb_column][et_pb_column type=&#8221;1_4&#8243; _builder_version=&#8221;4.21.2&#8243; global_colors_info=&#8221;{}&#8221;][et_pb_image src=&#8221;https:\/\/konferencje.inzynieria.com\/bb2025\/wp-content\/uploads\/2025\/02\/uber.webp&#8221; title_text=&#8221;uber&#8221; _builder_version=&#8221;4.21.2&#8243; _module_preset=&#8221;default&#8221; custom_margin=&#8221;||0px||false|false&#8221; custom_padding=&#8221;|50px|0px|50px|false|false&#8221; global_colors_info=&#8221;{}&#8221;][\/et_pb_image][et_pb_image src=&#8221;https:\/\/konferencje.inzynieria.com\/bb2025\/wp-content\/uploads\/2025\/02\/uber-1.webp&#8221; title_text=&#8221;uber-1&#8243; align=&#8221;center&#8221; _builder_version=&#8221;4.21.2&#8243; _module_preset=&#8221;default&#8221; max_width=&#8221;40%&#8221; custom_margin=&#8221;||15px||false|false&#8221; global_colors_info=&#8221;{}&#8221;][\/et_pb_image][et_pb_button button_url=&#8221;https:\/\/t.uber.com\/download-uber-app&#8221; url_new_window=&#8221;on&#8221; button_text=&#8221;Pobierz&#8221; button_alignment=&#8221;center&#8221; _builder_version=&#8221;4.21.2&#8243; _module_preset=&#8221;default&#8221; global_colors_info=&#8221;{}&#8221;][\/et_pb_button][\/et_pb_column][et_pb_column type=&#8221;1_4&#8243; _builder_version=&#8221;4.21.2&#8243; global_colors_info=&#8221;{}&#8221;][et_pb_image src=&#8221;https:\/\/konferencje.inzynieria.com\/bb2025\/wp-content\/uploads\/2025\/02\/icar.webp&#8221; title_text=&#8221;icar&#8221; _builder_version=&#8221;4.21.2&#8243; _module_preset=&#8221;default&#8221; custom_margin=&#8221;||0px||false|false&#8221; custom_padding=&#8221;|50px|0px|50px|false|false&#8221; global_colors_info=&#8221;{}&#8221;][\/et_pb_image][et_pb_image src=&#8221;https:\/\/konferencje.inzynieria.com\/bb2025\/wp-content\/uploads\/2025\/02\/Untitled-1.webp&#8221; title_text=&#8221;Untitled-1&#8243; align=&#8221;center&#8221; _builder_version=&#8221;4.21.2&#8243; _module_preset=&#8221;default&#8221; max_width=&#8221;40%&#8221; custom_margin=&#8221;||15px||false|false&#8221; global_colors_info=&#8221;{}&#8221;][\/et_pb_image][et_pb_button button_url=&#8221;https:\/\/icartaxi.eu\/&#8221; url_new_window=&#8221;on&#8221; button_text=&#8221;Pobierz&#8221; button_alignment=&#8221;center&#8221; _builder_version=&#8221;4.21.2&#8243; _module_preset=&#8221;default&#8221; global_colors_info=&#8221;{}&#8221;][\/et_pb_button][\/et_pb_column][\/et_pb_row][et_pb_row column_structure=&#8221;1_2,1_2&#8243; use_custom_gutter=&#8221;on&#8221; gutter_width=&#8221;4&#8243; make_equal=&#8221;on&#8221; disabled_on=&#8221;off|off|off&#8221; _builder_version=&#8221;4.21.2&#8243; global_colors_info=&#8221;{}&#8221;][et_pb_column type=&#8221;1_2&#8243; _builder_version=&#8221;4.17.3&#8243; background_enable_color=&#8221;off&#8221; border_radii=&#8221;on|10px|10px|10px|10px&#8221; box_shadow_style=&#8221;preset1&#8243; box_shadow_spread=&#8221;-5px&#8221; global_colors_info=&#8221;{}&#8221;][et_pb_gallery gallery_ids=&#8221;9218&#8243; fullwidth=&#8221;on&#8221; disabled_on=&#8221;off|off|off&#8221; module_class=&#8221;galeria-hotele&#8221; _builder_version=&#8221;4.21.2&#8243; _module_preset=&#8221;default&#8221; custom_margin=&#8221;||12px|||&#8221; global_colors_info=&#8221;{}&#8221;][\/et_pb_gallery][et_pb_text _builder_version=&#8221;4.21.2&#8243; _module_preset=&#8221;default&#8221; header_3_font_size=&#8221;20px&#8221; background_color=&#8221;#FFFFFF&#8221; custom_margin=&#8221;6px|||||&#8221; custom_padding=&#8221;16px|16px|16px|16px|false|false&#8221; global_colors_info=&#8221;{}&#8221;]<\/p>\n<h3>Pensjonat Ekosamotnia<\/h3>\n<p><span>\u017bywiczna 10, 30-251 Krak\u00f3w<\/span><br \/><a href=\"http:\/\/www.ekosamotnia.com\/\" target=\"_blank\" rel=\"noopener\">www.ekosamotnia.com<\/a><br \/>GPS: 50.0517703, 19.8683011<\/p>\n<p>[\/et_pb_text][\/et_pb_column][et_pb_column type=&#8221;1_2&#8243; _builder_version=&#8221;4.17.3&#8243; border_radii=&#8221;on|10px|10px|10px|10px&#8221; box_shadow_style=&#8221;preset1&#8243; box_shadow_spread=&#8221;-5px&#8221; global_colors_info=&#8221;{}&#8221;][et_pb_gallery gallery_ids=&#8221;9210&#8243; fullwidth=&#8221;on&#8221; module_class=&#8221;galeria-hotele&#8221; _builder_version=&#8221;4.21.2&#8243; _module_preset=&#8221;default&#8221; custom_margin=&#8221;||12px|||&#8221; global_colors_info=&#8221;{}&#8221;][\/et_pb_gallery][et_pb_text _builder_version=&#8221;4.21.2&#8243; _module_preset=&#8221;default&#8221; header_3_font_size=&#8221;20px&#8221; custom_margin=&#8221;6px|||||&#8221; custom_padding=&#8221;16px|16px|16px|16px|false|false&#8221; global_colors_info=&#8221;{}&#8221;]<\/p>\n<h3>FERO EXPRESS HOTEL<\/h3>\n<p><span>Boles\u0142awa \u015amia\u0142ego 60, <\/span><span>30-398 Krak\u00f3w<\/span><br \/><a href=\"https:\/\/fero.krakow.pl\/\" target=\"_blank\" rel=\"noopener\">fero.krakow.pl<\/a><br \/>GPS: 50.0201551, 19.8246001<\/p>\n<p>[\/et_pb_text][\/et_pb_column][\/et_pb_row][et_pb_row column_structure=&#8221;1_2,1_2&#8243; use_custom_gutter=&#8221;on&#8221; gutter_width=&#8221;4&#8243; make_equal=&#8221;on&#8221; disabled_on=&#8221;off|off|off&#8221; _builder_version=&#8221;4.21.2&#8243; global_colors_info=&#8221;{}&#8221;][et_pb_column type=&#8221;1_2&#8243; _builder_version=&#8221;4.17.3&#8243; background_enable_color=&#8221;off&#8221; border_radii=&#8221;on|10px|10px|10px|10px&#8221; box_shadow_style=&#8221;preset1&#8243; box_shadow_spread=&#8221;-5px&#8221; global_colors_info=&#8221;{}&#8221;][et_pb_gallery gallery_ids=&#8221;9212&#8243; fullwidth=&#8221;on&#8221; disabled_on=&#8221;off|off|off&#8221; module_class=&#8221;galeria-hotele&#8221; _builder_version=&#8221;4.21.2&#8243; _module_preset=&#8221;default&#8221; custom_margin=&#8221;||12px|||&#8221; global_colors_info=&#8221;{}&#8221;][\/et_pb_gallery][et_pb_text _builder_version=&#8221;4.21.2&#8243; _module_preset=&#8221;default&#8221; header_3_font_size=&#8221;20px&#8221; background_color=&#8221;#FFFFFF&#8221; custom_margin=&#8221;6px|||||&#8221; custom_padding=&#8221;16px|16px|16px|16px|false|false&#8221; global_colors_info=&#8221;{}&#8221;]<\/p>\n<h3>Niebieski Art Hotel &amp; Spa<\/h3>\n<p><span>Flisacka 3, <\/span><span>30-114 Krak\u00f3w<\/span><br \/><a href=\"https:\/\/niebieski.com.pl\/\" target=\"_blank\" rel=\"noopener\">niebieski.com.pl<\/a><br \/>GPS: 50.0524658, 19.9173555<\/p>\n<p>[\/et_pb_text][\/et_pb_column][et_pb_column type=&#8221;1_2&#8243; _builder_version=&#8221;4.17.3&#8243; border_radii=&#8221;on|10px|10px|10px|10px&#8221; box_shadow_style=&#8221;preset1&#8243; box_shadow_spread=&#8221;-5px&#8221; global_colors_info=&#8221;{}&#8221;][et_pb_gallery gallery_ids=&#8221;9214&#8243; fullwidth=&#8221;on&#8221; module_class=&#8221;galeria-hotele&#8221; _builder_version=&#8221;4.21.2&#8243; _module_preset=&#8221;default&#8221; custom_margin=&#8221;||12px|||&#8221; global_colors_info=&#8221;{}&#8221;][\/et_pb_gallery][et_pb_text _builder_version=&#8221;4.21.2&#8243; _module_preset=&#8221;default&#8221; header_3_font_size=&#8221;20px&#8221; custom_margin=&#8221;6px|||||&#8221; custom_padding=&#8221;16px|16px|16px|16px|false|false&#8221; global_colors_info=&#8221;{}&#8221;]<\/p>\n<h3>Hotel Kolna<\/h3>\n<p><span>Kolna 2, 30-381 Krak\u00f3w<\/span><br \/><a href=\"https:\/\/kolna.pl\/\" target=\"_blank\" rel=\"noopener\">kolna.pl<\/a><br \/>GPS: 50.0316864, 19.8281396<\/p>\n<p>[\/et_pb_text][\/et_pb_column][\/et_pb_row][et_pb_row column_structure=&#8221;1_2,1_2&#8243; use_custom_gutter=&#8221;on&#8221; gutter_width=&#8221;4&#8243; make_equal=&#8221;on&#8221; disabled_on=&#8221;off|off|off&#8221; _builder_version=&#8221;4.21.2&#8243; hover_enabled=&#8221;0&#8243; global_colors_info=&#8221;{}&#8221; sticky_enabled=&#8221;0&#8243;][et_pb_column type=&#8221;1_2&#8243; _builder_version=&#8221;4.17.3&#8243; background_enable_color=&#8221;off&#8221; border_radii=&#8221;on|10px|10px|10px|10px&#8221; box_shadow_style=&#8221;preset1&#8243; box_shadow_spread=&#8221;-5px&#8221; global_colors_info=&#8221;{}&#8221;][et_pb_gallery gallery_ids=&#8221;9216&#8243; fullwidth=&#8221;on&#8221; disabled_on=&#8221;off|off|off&#8221; module_class=&#8221;galeria-hotele&#8221; _builder_version=&#8221;4.21.2&#8243; _module_preset=&#8221;default&#8221; custom_margin=&#8221;||12px|||&#8221; global_colors_info=&#8221;{}&#8221;][\/et_pb_gallery][et_pb_text _builder_version=&#8221;4.21.2&#8243; _module_preset=&#8221;default&#8221; header_3_font_size=&#8221;20px&#8221; background_color=&#8221;#FFFFFF&#8221; custom_margin=&#8221;6px|||||&#8221; custom_padding=&#8221;16px|16px|16px|16px|false|false&#8221; global_colors_info=&#8221;{}&#8221;]<\/p>\n<h3>Hotel Vistula***<\/h3>\n<p><span>Ksi\u0119cia J\u00f3zefa 24 A, 30-206 Krak\u00f3w<\/span><br \/><a href=\"https:\/\/www.hotelvistula.pl\/\" target=\"_blank\" rel=\"noopener\">www.hotelvistula.pl<\/a><br \/>GPS: 50.0469758, 19.9037660<\/p>\n<p>[\/et_pb_text][\/et_pb_column][et_pb_column type=&#8221;1_2&#8243; _builder_version=&#8221;4.21.2&#8243; hover_enabled=&#8221;0&#8243; border_radii=&#8221;on|10px|10px|10px|10px&#8221; box_shadow_style=&#8221;preset1&#8243; box_shadow_spread=&#8221;-5px&#8221; global_colors_info=&#8221;{}&#8221; disabled_on=&#8221;on|on|on&#8221; disabled=&#8221;on&#8221; sticky_enabled=&#8221;0&#8243;][\/et_pb_column][\/et_pb_row][et_pb_row disabled_on=&#8221;on|on|on&#8221; _builder_version=&#8221;4.21.2&#8243; _module_preset=&#8221;default&#8221; max_width=&#8221;1600px&#8221; border_radii=&#8221;on|10px|10px|10px|10px&#8221; disabled=&#8221;on&#8221; global_colors_info=&#8221;{}&#8221;][et_pb_column type=&#8221;4_4&#8243; _builder_version=&#8221;4.21.2&#8243; _module_preset=&#8221;default&#8221; global_colors_info=&#8221;{}&#8221;][et_pb_image src=&#8221;https:\/\/konferencje.inzynieria.com\/bb2025\/wp-content\/uploads\/2023\/08\/mapka_krakow.png&#8221; title_text=&#8221;mapka_krakow&#8221; _builder_version=&#8221;4.21.2&#8243; _module_preset=&#8221;default&#8221; border_radii=&#8221;on|10px|10px|10px|10px&#8221; global_colors_info=&#8221;{}&#8221;][\/et_pb_image][\/et_pb_column][\/et_pb_row][et_pb_row disabled_on=&#8221;on|on|on&#8221; _builder_version=&#8221;4.21.2&#8243; _module_preset=&#8221;default&#8221; disabled=&#8221;on&#8221; global_colors_info=&#8221;{}&#8221;][et_pb_column type=&#8221;4_4&#8243; _builder_version=&#8221;4.17.3&#8243; _module_preset=&#8221;default&#8221; global_colors_info=&#8221;{}&#8221;][et_pb_text _builder_version=&#8221;4.21.2&#8243; _module_preset=&#8221;default&#8221; text_font_size=&#8221;18px&#8221; text_line_height=&#8221;2em&#8221; global_colors_info=&#8221;{}&#8221;]<\/p>\n<p>\u017beby skorzysta\u0107 z zakwaterowania w hotelach w prezentowanych cenach, podczas rezerwacji nale\u017cy poda\u0107 has\u0142o <strong>IN\u017bYNIERIA<\/strong><\/p>\n<p>[\/et_pb_text][\/et_pb_column][\/et_pb_row][\/et_pb_section]<\/p>\n","protected":false},"excerpt":{"rendered":"<p>HoteleW\u00a0Hotelu Forest\u00a0odbywa\u0107 si\u0119 b\u0119d\u0105 prelekcje, tam te\u017c zapraszamy na wystaw\u0119 oraz obiady. Natomiast kolacja odb\u0119dzie si\u0119 w Zinar Castle. Obiekty s\u0105 od siebie oddalone zaledwie o 190 m.FOREST HOTEL Jod\u0142owa 13, 30-251 Krak\u00f3w www.foresthotel.pl +48 12 429 71 15 +48 798 667 722 recepcja@foresthotel.pl Zobacz na mapie Pok\u00f3j jednoosobowy: 389 z\u0142 brutto Pok\u00f3j dwuosobowy: 449 [&hellip;]<\/p>\n","protected":false},"author":1,"featured_media":0,"parent":0,"menu_order":9,"comment_status":"closed","ping_status":"closed","template":"","meta":{"_et_pb_use_builder":"on","_et_pb_old_content":"<!-- wp:divi\/placeholder \/-->","_et_gb_content_width":"","om_disable_all_campaigns":false,"inline_featured_image":false,"_mi_skip_tracking":false,"_monsterinsights_sitenote_active":false,"_monsterinsights_sitenote_note":"","_monsterinsights_sitenote_category":0},"acf":[],"aioseo_notices":[],"_links":{"self":[{"href":"https:\/\/konferencje.inzynieria.com\/bb2025\/wp-json\/wp\/v2\/pages\/2219"}],"collection":[{"href":"https:\/\/konferencje.inzynieria.com\/bb2025\/wp-json\/wp\/v2\/pages"}],"about":[{"href":"https:\/\/konferencje.inzynieria.com\/bb2025\/wp-json\/wp\/v2\/types\/page"}],"author":[{"embeddable":true,"href":"https:\/\/konferencje.inzynieria.com\/bb2025\/wp-json\/wp\/v2\/users\/1"}],"replies":[{"embeddable":true,"href":"https:\/\/konferencje.inzynieria.com\/bb2025\/wp-json\/wp\/v2\/comments?post=2219"}],"version-history":[{"count":0,"href":"https:\/\/konferencje.inzynieria.com\/bb2025\/wp-json\/wp\/v2\/pages\/2219\/revisions"}],"wp:attachment":[{"href":"https:\/\/konferencje.inzynieria.com\/bb2025\/wp-json\/wp\/v2\/media?parent=2219"}],"curies":[{"name":"wp","href":"https:\/\/api.w.org\/{rel}","templated":true}]}}